{"id":13692,"date":"2023-09-26T11:21:45","date_gmt":"2023-09-26T11:21:45","guid":{"rendered":"https:\/\/hfdwhdev.15.phee.host\/project-2-collaborative-spaces-for-online-meets-physical-learning-and-teaching\/"},"modified":"2023-10-17T05:35:32","modified_gmt":"2023-10-17T05:35:32","slug":"project-2-collaborative-spaces-for-online-meets-physical-learning-and-teaching","status":"publish","type":"page","link":"https:\/\/hfd.phee.dev\/en\/project-2-collaborative-spaces-for-online-meets-physical-learning-and-teaching\/","title":{"rendered":"Project 2: Collaborative spaces for Online-Meets-Physical Learning and Teaching."},"content":{"rendered":"<section class=\"wpb-content-wrapper\"><p>[vc_row][vc_column width=&#8221;2\/3&#8243;][vc_column_text]<b>Participants: Ina Thiesies-Cremer, Brian Liebig (Ruhr West University of Applied Sciences)<\/b>[\/vc_column_text][\/vc_column][vc_column width=&#8221;1\/3&#8243;][vc_single_image image=&#8221;12438&#8243; img_size=&#8221;full&#8221;][\/vc_column][\/vc_row][vc_row][vc_column][vc_column_text]<span style=\"font-weight: 400;\">The learning space project COMPLETE has been implemented at the Ruhr West University of Applied Sciences (HRW) since 01.08.2021 and is funded by the Foundation Innovation in University Teaching. In the project, students, teachers and employees of the central university services jointly design and realize their hybrid campus of the future. The aim is to create a holistic overall learning architecture that optimally combines physical and virtual learning spaces and creates room for new learning opportunities and scenarios. The core objectives of the project are to consistently redesign the existing spaces in a learner-centric manner, to enable hybrid scenarios at the university locations in M\u00fclheim and Bottrop, and to design fluid transitions between formalized and student learning spaces. For this purpose, on the one hand, the existing student learning spaces will be redesigned and expanded, which have already been optimized since 2016 as part of the university library&#8217;s learning space initiative. On the other hand, three traditional classrooms will become pilot teaching-learning spaces that not only allow for flexible and creative collaboration, but actively encourage it, thus spatially mapping the &#8220;shift from teaching to learning.&#8221; The conception of these rooms is based on pilot events that will take place in them in the future, which will receive continuous technical and didactic support. As scalable prototypes, these classrooms will lay the foundation for a long-term renewal process at HRW.<\/span>[\/vc_column_text][\/vc_column][\/vc_row][vc_row][vc_column width=&#8221;1\/2&#8243;]\n        <div class=\"pn-button-container\n                style-dark                align-left                align-mobile-left                \">\n        <a class=\"pn-button\" style=\"padding: 8px 25px 6px 25px\" href=\"https:\/\/go.hrw.nrw\/complete-projekt\" target=\"\">\n            <span>Project blog<\/span>        <\/a>\n    <\/div>\n\n    [\/vc_column][vc_column width=&#8221;1\/2&#8243;]\n    <a href=\"https:\/\/hfd.phee.dev\/blog\/im-jetzt-und-hier-fuer-morgen-bauen-complete-collaborative-spaces-for-online-meets-physical-learning-and-teaching\/\" class=\"pn-postbox-container\">\n        <section class=\"postbox-date\">\n            <div class=\"postbox-date--inner\">\n                <span class=\"postbox-date--badge\">Blog<\/span>\n                                    <div class=\"postbox-thumbnail\"><img loading=\"lazy\" decoding=\"async\" width=\"1441\" height=\"805\" src=\"https:\/\/hfd.phee.dev\/wp-content\/uploads\/2023\/09\/Vorlaeufiger_Entwurf_fuer_den_Kreativraum_-_ACTINCOMMON.png\" class=\"attachment-post-thumbnail size-post-thumbnail wp-post-image\" alt=\"Vorl\u00e4ufiger Entwurf f\u00fcr den Kreativraum von Designb\u00fcro ACTINCOMMON\" srcset=\"https:\/\/hfd.phee.dev\/wp-content\/uploads\/2023\/09\/Vorlaeufiger_Entwurf_fuer_den_Kreativraum_-_ACTINCOMMON.png 1441w, https:\/\/hfd.phee.dev\/wp-content\/uploads\/2023\/09\/Vorlaeufiger_Entwurf_fuer_den_Kreativraum_-_ACTINCOMMON-300x168.png 300w, https:\/\/hfd.phee.dev\/wp-content\/uploads\/2023\/09\/Vorlaeufiger_Entwurf_fuer_den_Kreativraum_-_ACTINCOMMON-1024x572.png 1024w, https:\/\/hfd.phee.dev\/wp-content\/uploads\/2023\/09\/Vorlaeufiger_Entwurf_fuer_den_Kreativraum_-_ACTINCOMMON-768x429.png 768w\" sizes=\"auto, (max-width: 1441px) 100vw, 1441px\" \/><\/div>\n                            <\/div>\n        <\/section>\n        <section class=\"postbox-data\">\n            <h3 class=\"postbox-data--title\">Im Jetzt-und-Hier f\u00fcr morgen bauen: COMPLETE \u2013 Collaborative Spaces for Online-meets-Physical Learning and Teaching<\/h3>\n                                                            <section class=\"postbox-data--author\">\n                \n                                    <section class=\"postbox-data--author-img\"><img src=\"https:\/\/hfd.phee.dev\/wp-content\/uploads\/2023\/09\/Brian_Liebig-150x150.jpg\" alt=\"Brian_Liebig.jpg\" loading=\"lazy\" decoding=\"async\"\/><\/section>\n                \n                <section class=\"postbox-data--author-name\">\n                    Brian Liebig                <\/section>\n            <\/section>\n                                    <section class=\"postbox-data--date\">\n                                12.05.2022            <\/section>\n        <\/section>\n    <\/a>\n\n    [\/vc_column][\/vc_row][vc_row][vc_column][vc_empty_space][\/vc_column][\/vc_row][vc_row][vc_column]\n    <div class=\"pn-members-section\">\n        <div class=\"members-wrap\">\n            <h2 class=\"members-main-title\">Teinehmende<\/h2>            <div class=\"members-inner\">\n                                    <div class=\"member-item\">\n                        <img decoding=\"async\" src=\"https:\/\/hfd.phee.dev\/wp-content\/uploads\/2023\/09\/image31.jpg\" class=\"member\" alt=\"image31\"\/>                        <h4>Ina Thiesies-Cremer<\/h4>\n                        <p>Ina Thiesies-Cremer ist Mediendidaktikerin im E-Learning-Team der Hochschule Ruhr West und studierte Kunsthistorikerin. Sie begleitet das Lernraumprojekt COMPLETE seit der Antragstellungsphase sowohl inhaltlich als auch organisatorisch.<\/p>\n                    <\/div>\n                                        <div class=\"member-item\">\n                        <img decoding=\"async\" src=\"https:\/\/hfd.phee.dev\/wp-content\/uploads\/2023\/09\/image47.jpg\" class=\"member\" alt=\"image47\"\/>                        <h4>Brian Liebig<\/h4>\n                        <p>Brian Liebig ist Projektkoordinator des Lernraum-Projektes COMPLETE - COllaborative Spaces for Online Meets Physical LEarning and TEaching, das seit dem 01.08.2021 an der Hochschule Ruhr West umgesetzt wird. Er studierte Erziehungswissenschaften und Soziologie an der Universit\u00e4t Osnabr\u00fcck und an der Universit\u00e4t zu K\u00f6ln. Vor seiner T\u00e4tigkeit an der HRW war Brian Liebig im non-formalen Bildungsbereich beim Deutschen Roten Kreuz t\u00e4tig.<\/p>\n                    <\/div>\n                                <\/div>\n        <\/div>\n    <\/div>\n\n    [\/vc_column][\/vc_row]<\/p>\n<\/section>","protected":false},"excerpt":{"rendered":"<p>[vc_row][vc_column width=&#8221;2\/3&#8243;][vc_column_text]Participants: Ina Thiesies-Cremer, Brian Liebig (Ruhr West University of Applied Sciences)[\/vc_column_text][\/vc_column][vc_column width=&#8221;1\/3&#8243;][vc_single_image image=&#8221;12438&#8243; img_size=&#8221;full&#8221;][\/vc_column][\/vc_row][vc_row][vc_column][vc_column_text]The learning space project COMPLETE has been implemented at the Ruhr West University of Applied Sciences (HRW) since 01.08.2021 and is funded by the Foundation Innovation in University Teaching. In the project, students, teachers and employees of the central university services [&hellip;]<\/p>\n","protected":false},"author":10,"featured_media":0,"parent":0,"menu_order":0,"comment_status":"closed","ping_status":"closed","template":"","meta":{"_acf_changed":false,"footnotes":""},"ppma_author":[69],"class_list":["post-13692","page","type-page","status-publish","hentry"],"acf":[],"yoast_head":"<!-- This site is optimized with the Yoast SEO plugin v23.4 - https:\/\/yoast.com\/wordpress\/plugins\/seo\/ -->\n<title>Project 2: Collaborative spaces for Online-Meets-Physical Learning and Teaching. - Hochschulforum Digitalisierung<\/title>\n<meta name=\"robots\" content=\"index, follow, max-snippet:-1, max-image-preview:large, max-video-preview:-1\" \/>\n<link rel=\"canonical\" href=\"https:\/\/hfd.phee.dev\/en\/project-2-collaborative-spaces-for-online-meets-physical-learning-and-teaching\/\" \/>\n<meta property=\"og:locale\" content=\"en_GB\" \/>\n<meta property=\"og:type\" content=\"article\" \/>\n<meta property=\"og:title\" content=\"Project 2: Collaborative spaces for Online-Meets-Physical Learning and Teaching. - Hochschulforum Digitalisierung\" \/>\n<meta property=\"og:description\" content=\"[vc_row][vc_column width=&#8221;2\/3&#8243;][vc_column_text]Participants: Ina Thiesies-Cremer, Brian Liebig (Ruhr West University of Applied Sciences)[\/vc_column_text][\/vc_column][vc_column width=&#8221;1\/3&#8243;][vc_single_image image=&#8221;12438&#8243; img_size=&#8221;full&#8221;][\/vc_column][\/vc_row][vc_row][vc_column][vc_column_text]The learning space project COMPLETE has been implemented at the Ruhr West University of Applied Sciences (HRW) since 01.08.2021 and is funded by the Foundation Innovation in University Teaching. In the project, students, teachers and employees of the central university services [&hellip;]\" \/>\n<meta property=\"og:url\" content=\"https:\/\/hfd.phee.dev\/en\/project-2-collaborative-spaces-for-online-meets-physical-learning-and-teaching\/\" \/>\n<meta property=\"og:site_name\" content=\"Hochschulforum Digitalisierung\" \/>\n<meta property=\"article:modified_time\" content=\"2023-10-17T05:35:32+00:00\" \/>\n<meta name=\"twitter:card\" content=\"summary_large_image\" \/>\n<meta name=\"twitter:label1\" content=\"Estimated reading time\" \/>\n\t<meta name=\"twitter:data1\" content=\"2 minutes\" \/>\n<script type=\"application\/ld+json\" class=\"yoast-schema-graph\">{\"@context\":\"https:\/\/schema.org\",\"@graph\":[{\"@type\":\"WebPage\",\"@id\":\"https:\/\/hfd.phee.dev\/en\/project-2-collaborative-spaces-for-online-meets-physical-learning-and-teaching\/\",\"url\":\"https:\/\/hfd.phee.dev\/en\/project-2-collaborative-spaces-for-online-meets-physical-learning-and-teaching\/\",\"name\":\"Project 2: Collaborative spaces for Online-Meets-Physical Learning and Teaching. - Hochschulforum Digitalisierung\",\"isPartOf\":{\"@id\":\"https:\/\/hfd.phee.dev\/en\/#website\"},\"datePublished\":\"2023-09-26T11:21:45+00:00\",\"dateModified\":\"2023-10-17T05:35:32+00:00\",\"breadcrumb\":{\"@id\":\"https:\/\/hfd.phee.dev\/en\/project-2-collaborative-spaces-for-online-meets-physical-learning-and-teaching\/#breadcrumb\"},\"inLanguage\":\"en-GB\",\"potentialAction\":[{\"@type\":\"ReadAction\",\"target\":[\"https:\/\/hfd.phee.dev\/en\/project-2-collaborative-spaces-for-online-meets-physical-learning-and-teaching\/\"]}]},{\"@type\":\"BreadcrumbList\",\"@id\":\"https:\/\/hfd.phee.dev\/en\/project-2-collaborative-spaces-for-online-meets-physical-learning-and-teaching\/#breadcrumb\",\"itemListElement\":[{\"@type\":\"ListItem\",\"position\":1,\"name\":\"Home\",\"item\":\"https:\/\/hfd.phee.dev\/en\/\"},{\"@type\":\"ListItem\",\"position\":2,\"name\":\"Project 2: Collaborative spaces for Online-Meets-Physical Learning and Teaching.\"}]},{\"@type\":\"WebSite\",\"@id\":\"https:\/\/hfd.phee.dev\/en\/#website\",\"url\":\"https:\/\/hfd.phee.dev\/en\/\",\"name\":\"Hochschulforum Digitalisierung\",\"description\":\"\",\"publisher\":{\"@id\":\"https:\/\/hfd.phee.dev\/en\/#organization\"},\"potentialAction\":[{\"@type\":\"SearchAction\",\"target\":{\"@type\":\"EntryPoint\",\"urlTemplate\":\"https:\/\/hfd.phee.dev\/en\/?s={search_term_string}\"},\"query-input\":{\"@type\":\"PropertyValueSpecification\",\"valueRequired\":true,\"valueName\":\"search_term_string\"}}],\"inLanguage\":\"en-GB\"},{\"@type\":\"Organization\",\"@id\":\"https:\/\/hfd.phee.dev\/en\/#organization\",\"name\":\"Hochschulforum Digitalisierung\",\"url\":\"https:\/\/hfd.phee.dev\/en\/\",\"logo\":{\"@type\":\"ImageObject\",\"inLanguage\":\"en-GB\",\"@id\":\"https:\/\/hfd.phee.dev\/en\/#\/schema\/logo\/image\/\",\"url\":\"https:\/\/hfdwhdev.15.phee.host\/wp-content\/uploads\/2023\/02\/logo-hfd.png\",\"contentUrl\":\"https:\/\/hfdwhdev.15.phee.host\/wp-content\/uploads\/2023\/02\/logo-hfd.png\",\"width\":261,\"height\":300,\"caption\":\"Hochschulforum Digitalisierung\"},\"image\":{\"@id\":\"https:\/\/hfd.phee.dev\/en\/#\/schema\/logo\/image\/\"}}]}<\/script>\n<!-- \/ Yoast SEO plugin. -->","yoast_head_json":{"title":"Project 2: Collaborative spaces for Online-Meets-Physical Learning and Teaching. - Hochschulforum Digitalisierung","robots":{"index":"index","follow":"follow","max-snippet":"max-snippet:-1","max-image-preview":"max-image-preview:large","max-video-preview":"max-video-preview:-1"},"canonical":"https:\/\/hfd.phee.dev\/en\/project-2-collaborative-spaces-for-online-meets-physical-learning-and-teaching\/","og_locale":"en_GB","og_type":"article","og_title":"Project 2: Collaborative spaces for Online-Meets-Physical Learning and Teaching. - Hochschulforum Digitalisierung","og_description":"[vc_row][vc_column width=&#8221;2\/3&#8243;][vc_column_text]Participants: Ina Thiesies-Cremer, Brian Liebig (Ruhr West University of Applied Sciences)[\/vc_column_text][\/vc_column][vc_column width=&#8221;1\/3&#8243;][vc_single_image image=&#8221;12438&#8243; img_size=&#8221;full&#8221;][\/vc_column][\/vc_row][vc_row][vc_column][vc_column_text]The learning space project COMPLETE has been implemented at the Ruhr West University of Applied Sciences (HRW) since 01.08.2021 and is funded by the Foundation Innovation in University Teaching. In the project, students, teachers and employees of the central university services [&hellip;]","og_url":"https:\/\/hfd.phee.dev\/en\/project-2-collaborative-spaces-for-online-meets-physical-learning-and-teaching\/","og_site_name":"Hochschulforum Digitalisierung","article_modified_time":"2023-10-17T05:35:32+00:00","twitter_card":"summary_large_image","twitter_misc":{"Estimated reading time":"2 minutes"},"schema":{"@context":"https:\/\/schema.org","@graph":[{"@type":"WebPage","@id":"https:\/\/hfd.phee.dev\/en\/project-2-collaborative-spaces-for-online-meets-physical-learning-and-teaching\/","url":"https:\/\/hfd.phee.dev\/en\/project-2-collaborative-spaces-for-online-meets-physical-learning-and-teaching\/","name":"Project 2: Collaborative spaces for Online-Meets-Physical Learning and Teaching. - Hochschulforum Digitalisierung","isPartOf":{"@id":"https:\/\/hfd.phee.dev\/en\/#website"},"datePublished":"2023-09-26T11:21:45+00:00","dateModified":"2023-10-17T05:35:32+00:00","breadcrumb":{"@id":"https:\/\/hfd.phee.dev\/en\/project-2-collaborative-spaces-for-online-meets-physical-learning-and-teaching\/#breadcrumb"},"inLanguage":"en-GB","potentialAction":[{"@type":"ReadAction","target":["https:\/\/hfd.phee.dev\/en\/project-2-collaborative-spaces-for-online-meets-physical-learning-and-teaching\/"]}]},{"@type":"BreadcrumbList","@id":"https:\/\/hfd.phee.dev\/en\/project-2-collaborative-spaces-for-online-meets-physical-learning-and-teaching\/#breadcrumb","itemListElement":[{"@type":"ListItem","position":1,"name":"Home","item":"https:\/\/hfd.phee.dev\/en\/"},{"@type":"ListItem","position":2,"name":"Project 2: Collaborative spaces for Online-Meets-Physical Learning and Teaching."}]},{"@type":"WebSite","@id":"https:\/\/hfd.phee.dev\/en\/#website","url":"https:\/\/hfd.phee.dev\/en\/","name":"Hochschulforum Digitalisierung","description":"","publisher":{"@id":"https:\/\/hfd.phee.dev\/en\/#organization"},"potentialAction":[{"@type":"SearchAction","target":{"@type":"EntryPoint","urlTemplate":"https:\/\/hfd.phee.dev\/en\/?s={search_term_string}"},"query-input":{"@type":"PropertyValueSpecification","valueRequired":true,"valueName":"search_term_string"}}],"inLanguage":"en-GB"},{"@type":"Organization","@id":"https:\/\/hfd.phee.dev\/en\/#organization","name":"Hochschulforum Digitalisierung","url":"https:\/\/hfd.phee.dev\/en\/","logo":{"@type":"ImageObject","inLanguage":"en-GB","@id":"https:\/\/hfd.phee.dev\/en\/#\/schema\/logo\/image\/","url":"https:\/\/hfdwhdev.15.phee.host\/wp-content\/uploads\/2023\/02\/logo-hfd.png","contentUrl":"https:\/\/hfdwhdev.15.phee.host\/wp-content\/uploads\/2023\/02\/logo-hfd.png","width":261,"height":300,"caption":"Hochschulforum Digitalisierung"},"image":{"@id":"https:\/\/hfd.phee.dev\/en\/#\/schema\/logo\/image\/"}}]}},"_links":{"self":[{"href":"https:\/\/hfd.phee.dev\/en\/wp-json\/wp\/v2\/pages\/13692","targetHints":{"allow":["GET"]}}],"collection":[{"href":"https:\/\/hfd.phee.dev\/en\/wp-json\/wp\/v2\/pages"}],"about":[{"href":"https:\/\/hfd.phee.dev\/en\/wp-json\/wp\/v2\/types\/page"}],"author":[{"embeddable":true,"href":"https:\/\/hfd.phee.dev\/en\/wp-json\/wp\/v2\/users\/10"}],"replies":[{"embeddable":true,"href":"https:\/\/hfd.phee.dev\/en\/wp-json\/wp\/v2\/comments?post=13692"}],"version-history":[{"count":5,"href":"https:\/\/hfd.phee.dev\/en\/wp-json\/wp\/v2\/pages\/13692\/revisions"}],"predecessor-version":[{"id":13697,"href":"https:\/\/hfd.phee.dev\/en\/wp-json\/wp\/v2\/pages\/13692\/revisions\/13697"}],"wp:attachment":[{"href":"https:\/\/hfd.phee.dev\/en\/wp-json\/wp\/v2\/media?parent=13692"}],"wp:term":[{"taxonomy":"author","embeddable":true,"href":"https:\/\/hfd.phee.dev\/en\/wp-json\/wp\/v2\/ppma_author?post=13692"}],"curies":[{"name":"wp","href":"https:\/\/api.w.org\/{rel}","templated":true}]}}