{"id":13629,"date":"2023-10-14T14:20:57","date_gmt":"2023-10-14T14:20:57","guid":{"rendered":"https:\/\/hfdwhdev.15.phee.host\/community-advisory-board-the-core-team\/"},"modified":"2023-10-17T05:10:51","modified_gmt":"2023-10-17T05:10:51","slug":"community-advisory-board-the-core-team","status":"publish","type":"page","link":"https:\/\/hfd.phee.dev\/en\/community-advisory-board-the-core-team\/","title":{"rendered":"Community Advisory Board: The Core Team"},"content":{"rendered":"<section class=\"wpb-content-wrapper\"><p>[vc_row][vc_column][vc_column_text]In its third funding phase, the HFD has once again expanded and recombined its catalog of measures in order to be a reliable companion and advisor in the digital transformation process of universities. In the final phase, the core team played a decisive role. Experts from the HFD community supported the HFD team in numerous formats of the network and actively and reliably helped to shape content and events within the framework of the network for university teaching. HFDnet, which grew out of the network, would not be what it is today without the cooperation of the core team. In the third phase of the HFD project, it is time to rethink the core team. Once again, community members help shape HFD&#8217;s many offerings. This time, the new core team has the task of keeping an eye on all the work packages of the Hochschulforum. Networking, consulting and development offers are to be discussed and further developed, experts for current issues are to be identified, cross-format multipliers are to be conceived and ways are to be sought to increase the reach of HFD offers.[\/vc_column_text][\/vc_column][\/vc_row][vc_row][vc_column]<div class=\"pn-headline-container  \n                        size-h2  \n                        font-weight-bold  \n                        text-transform-  \n                        color-  \n                        alignment-left\n                        icon-false\n                        h1\">\n                \n                <h2 id=\"\" class=\"inner-headline pn-headline\">Members<\/h2>\n            <\/div>\n    <div class=\"pn-members-section\">\n        <div class=\"members-wrap\">\n                        <div class=\"members-inner\">\n                                    <div class=\"member-item\">\n                        <img decoding=\"async\" src=\"https:\/\/hfd.phee.dev\/wp-content\/uploads\/2023\/09\/Bandtel_Matthias.jpg\" class=\"member\" alt=\"Bandtel_Matthias\"\/>                        <h4>Matthias Bandtel<\/h4>\n                        <p>Gesch\u00e4ftsf\u00fchrer des Hochschulnetzwerks Digitalisierung der Lehre Baden-W\u00fcrttemberg (HND-BW)\n<\/p>\n                    <\/div>\n                                        <div class=\"member-item\">\n                                                <h4>Nadine Bergner<\/h4>\n                        <p>Professur f\u00fcr Didaktik der Informatik, TU Dresden\n<\/p>\n                    <\/div>\n                                        <div class=\"member-item\">\n                        <img decoding=\"async\" src=\"https:\/\/hfd.phee.dev\/wp-content\/uploads\/2023\/09\/annabell-bils-hw.jpg\" class=\"member\" alt=\"Annabell-Bils_HW_1206\"\/>                        <h4>Annabell Bils<\/h4>\n                        <p>Gesch\u00e4ftsf\u00fchrerin des Zentrums f\u00fcr Lernen und Innovation (ZLI) an der FernUniversit\u00e4t in Hagen\n<\/p>\n                    <\/div>\n                                        <div class=\"member-item\">\n                        <img decoding=\"async\" src=\"https:\/\/hfd.phee.dev\/wp-content\/uploads\/2023\/09\/Passbild_JBrandt.jpg\" class=\"member\" alt=\"Passbild_JBrandt\"\/>                        <h4>Jenny Brandt<\/h4>\n                        <p>Medizinstudierende im Praktischen Jahr, DigitalChangeMaker (Jahrgang 2020\/21), Projektkoordination Digitale Medizin (Universit\u00e4tsmedizin Mainz)\n<\/p>\n                    <\/div>\n                                        <div class=\"member-item\">\n                        <img decoding=\"async\" src=\"https:\/\/hfd.phee.dev\/wp-content\/uploads\/2023\/09\/Dolderer_Manuel.jpg\" class=\"member\" alt=\"Dolderer_Manuel\"\/>                        <h4>Manuel Dolderer<\/h4>\n                        <p>Pr\u00e4sident (und Mitbegr\u00fcnder) der CODE University of Applied Sciences\n<\/p>\n                    <\/div>\n                                        <div class=\"member-item\">\n                        <img decoding=\"async\" src=\"https:\/\/hfd.phee.dev\/wp-content\/uploads\/2023\/09\/Hoffmeister_Thomas.jpg\" class=\"member\" alt=\"Hoffmeister_Thomas\"\/>                        <h4>Thomas Hoffmeister<\/h4>\n                        <p>Ehem. Konrektor f\u00fcr Lehre und Studium der Universit\u00e4t Bremen, Professur f\u00fcr Populations- und Evolutions\u00f6kologie\n<\/p>\n                    <\/div>\n                                        <div class=\"member-item\">\n                        <img decoding=\"async\" src=\"https:\/\/hfd.phee.dev\/wp-content\/uploads\/2023\/09\/Tobias-Holle.jpg\" class=\"member\" alt=\"Tobias Holle\"\/>                        <h4>Tobias Holle<\/h4>\n                        <p>DigitalChangeMaker\n<\/p>\n                    <\/div>\n                                        <div class=\"member-item\">\n                        <img decoding=\"async\" src=\"https:\/\/hfd.phee.dev\/wp-content\/uploads\/2023\/09\/Kiesendahl_Jana.jpg\" class=\"member\" alt=\"Kiesendahl_Jana\"\/>                        <h4>Jana Kiesendahl<\/h4>\n                        <p>Leiterin des Bereichs Digitale Lehre (Rektorat), Universit\u00e4t Greifswald\n<\/p>\n                    <\/div>\n                                        <div class=\"member-item\">\n                        <img decoding=\"async\" src=\"https:\/\/hfd.phee.dev\/wp-content\/uploads\/2023\/09\/kvkoe-1.jpg\" class=\"member\" alt=\"kvkoe\"\/>                        <h4>Karoline von K\u00f6ckritz<\/h4>\n                        <p>IT Service Management, Zentrale Datenverarbeitung (ZEDAT), Freie Universit\u00e4t Berlin\n<\/p>\n                    <\/div>\n                                        <div class=\"member-item\">\n                        <img decoding=\"async\" src=\"https:\/\/hfd.phee.dev\/wp-content\/uploads\/2023\/09\/Persike_Malte.jpg\" class=\"member\" alt=\"Persike_Malte\"\/>                        <h4>Malte Persike<\/h4>\n                        <p>Wissenschaftlicher Leiter des Center f\u00fcr Lehr- und Lernservices (CLS), RWTH Aachen\n<\/p>\n                    <\/div>\n                                        <div class=\"member-item\">\n                        <img decoding=\"async\" src=\"https:\/\/hfd.phee.dev\/wp-content\/uploads\/2023\/09\/Pongratz_Hans-Bildnachweis-Markus-Mielek.jpg\" class=\"member\" alt=\"Pongratz_Hans Bildnachweis Markus Mielek\"\/>                        <h4>Hans Pongratz<\/h4>\n                        <p>Technischer Gesch\u00e4ftsf\u00fchrer der Stiftung f\u00fcr Hochschulzulassung (SfH) und Professor f\u00fcr \u201eKomplexe IT-Systeme und digitale Infrastrukturen\u201c am Zentrum f\u00fcr HochschulBildung (zhb) der TU Dortmund\n<\/p>\n                    <\/div>\n                                        <div class=\"member-item\">\n                        <img decoding=\"async\" src=\"https:\/\/hfd.phee.dev\/wp-content\/uploads\/2023\/09\/Roewert_Ronny.jpg\" class=\"member\" alt=\"Roewert_Ronny\"\/>                        <h4>Ronny R\u00f6wert<\/h4>\n                        <p>Wissenschaftlicher Mitarbeiter, TU Hamburg\n<\/p>\n                    <\/div>\n                                        <div class=\"member-item\">\n                        <img decoding=\"async\" src=\"https:\/\/hfd.phee.dev\/wp-content\/uploads\/2023\/09\/Schmidt_Philipp.jpg\" class=\"member\" alt=\"Schmidt_Philipp\"\/>                        <h4>Philipp Schmidt<\/h4>\n                        <p>Director of Digital Learning am MIT Media Lab\n<\/p>\n                    <\/div>\n                                        <div class=\"member-item\">\n                        <img decoding=\"async\" src=\"https:\/\/hfd.phee.dev\/wp-content\/uploads\/2023\/09\/Staude_Susanne.jpg\" class=\"member\" alt=\"Staude_Susanne\"\/>                        <h4>Susanne Staude<\/h4>\n                        <p>Pr\u00e4sidentin der Hochschule Ruhr West, Professorin f\u00fcr Thermodynamik und Fluidenergiemaschinen\n<\/p>\n                    <\/div>\n                                        <div class=\"member-item\">\n                        <img decoding=\"async\" src=\"https:\/\/hfd.phee.dev\/wp-content\/uploads\/2023\/09\/WolfStephanie_2020.png\" class=\"member\" alt=\"WolfStephanie_2020\"\/>                        <h4>Stephanie Wolf<\/h4>\n                        <p>Mitarbeiterin der Studienberatung, Uni Jena\n<\/p>\n                    <\/div>\n                                <\/div>\n        <\/div>\n    <\/div>\n\n    [\/vc_column][\/vc_row]<\/p>\n<\/section>","protected":false},"excerpt":{"rendered":"<p>[vc_row][vc_column][vc_column_text]In its third funding phase, the HFD has once again expanded and recombined its catalog of measures in order to be a reliable companion and advisor in the digital transformation process of universities. In the final phase, the core team played a decisive role. Experts from the HFD community supported the HFD team in numerous [&hellip;]<\/p>\n","protected":false},"author":1,"featured_media":0,"parent":0,"menu_order":0,"comment_status":"closed","ping_status":"closed","template":"","meta":{"_acf_changed":false,"footnotes":""},"ppma_author":[67],"class_list":["post-13629","page","type-page","status-publish","hentry"],"acf":[],"yoast_head":"<!-- This site is optimized with the Yoast SEO plugin v23.4 - https:\/\/yoast.com\/wordpress\/plugins\/seo\/ -->\n<title>Community Advisory Board: The Core Team - Hochschulforum Digitalisierung<\/title>\n<meta name=\"robots\" content=\"index, follow, max-snippet:-1, max-image-preview:large, max-video-preview:-1\" \/>\n<link rel=\"canonical\" href=\"https:\/\/hfd.phee.dev\/en\/community-advisory-board-the-core-team\/\" \/>\n<meta property=\"og:locale\" content=\"en_GB\" \/>\n<meta property=\"og:type\" content=\"article\" \/>\n<meta property=\"og:title\" content=\"Community Advisory Board: The Core Team - Hochschulforum Digitalisierung\" \/>\n<meta property=\"og:description\" content=\"[vc_row][vc_column][vc_column_text]In its third funding phase, the HFD has once again expanded and recombined its catalog of measures in order to be a reliable companion and advisor in the digital transformation process of universities. In the final phase, the core team played a decisive role. Experts from the HFD community supported the HFD team in numerous [&hellip;]\" \/>\n<meta property=\"og:url\" content=\"https:\/\/hfd.phee.dev\/en\/community-advisory-board-the-core-team\/\" \/>\n<meta property=\"og:site_name\" content=\"Hochschulforum Digitalisierung\" \/>\n<meta property=\"article:modified_time\" content=\"2023-10-17T05:10:51+00:00\" \/>\n<meta name=\"twitter:card\" content=\"summary_large_image\" \/>\n<meta name=\"twitter:label1\" content=\"Estimated reading time\" \/>\n\t<meta name=\"twitter:data1\" content=\"3 minutes\" \/>\n<script type=\"application\/ld+json\" class=\"yoast-schema-graph\">{\"@context\":\"https:\/\/schema.org\",\"@graph\":[{\"@type\":\"WebPage\",\"@id\":\"https:\/\/hfd.phee.dev\/en\/community-advisory-board-the-core-team\/\",\"url\":\"https:\/\/hfd.phee.dev\/en\/community-advisory-board-the-core-team\/\",\"name\":\"Community Advisory Board: The Core Team - Hochschulforum Digitalisierung\",\"isPartOf\":{\"@id\":\"https:\/\/hfd.phee.dev\/en\/#website\"},\"datePublished\":\"2023-10-14T14:20:57+00:00\",\"dateModified\":\"2023-10-17T05:10:51+00:00\",\"breadcrumb\":{\"@id\":\"https:\/\/hfd.phee.dev\/en\/community-advisory-board-the-core-team\/#breadcrumb\"},\"inLanguage\":\"en-GB\",\"potentialAction\":[{\"@type\":\"ReadAction\",\"target\":[\"https:\/\/hfd.phee.dev\/en\/community-advisory-board-the-core-team\/\"]}]},{\"@type\":\"BreadcrumbList\",\"@id\":\"https:\/\/hfd.phee.dev\/en\/community-advisory-board-the-core-team\/#breadcrumb\",\"itemListElement\":[{\"@type\":\"ListItem\",\"position\":1,\"name\":\"Home\",\"item\":\"https:\/\/hfd.phee.dev\/en\/\"},{\"@type\":\"ListItem\",\"position\":2,\"name\":\"Community Advisory Board: The Core Team\"}]},{\"@type\":\"WebSite\",\"@id\":\"https:\/\/hfd.phee.dev\/en\/#website\",\"url\":\"https:\/\/hfd.phee.dev\/en\/\",\"name\":\"Hochschulforum Digitalisierung\",\"description\":\"\",\"publisher\":{\"@id\":\"https:\/\/hfd.phee.dev\/en\/#organization\"},\"potentialAction\":[{\"@type\":\"SearchAction\",\"target\":{\"@type\":\"EntryPoint\",\"urlTemplate\":\"https:\/\/hfd.phee.dev\/en\/?s={search_term_string}\"},\"query-input\":{\"@type\":\"PropertyValueSpecification\",\"valueRequired\":true,\"valueName\":\"search_term_string\"}}],\"inLanguage\":\"en-GB\"},{\"@type\":\"Organization\",\"@id\":\"https:\/\/hfd.phee.dev\/en\/#organization\",\"name\":\"Hochschulforum Digitalisierung\",\"url\":\"https:\/\/hfd.phee.dev\/en\/\",\"logo\":{\"@type\":\"ImageObject\",\"inLanguage\":\"en-GB\",\"@id\":\"https:\/\/hfd.phee.dev\/en\/#\/schema\/logo\/image\/\",\"url\":\"https:\/\/hfdwhdev.15.phee.host\/wp-content\/uploads\/2023\/02\/logo-hfd.png\",\"contentUrl\":\"https:\/\/hfdwhdev.15.phee.host\/wp-content\/uploads\/2023\/02\/logo-hfd.png\",\"width\":261,\"height\":300,\"caption\":\"Hochschulforum Digitalisierung\"},\"image\":{\"@id\":\"https:\/\/hfd.phee.dev\/en\/#\/schema\/logo\/image\/\"}}]}<\/script>\n<!-- \/ Yoast SEO plugin. -->","yoast_head_json":{"title":"Community Advisory Board: The Core Team - Hochschulforum Digitalisierung","robots":{"index":"index","follow":"follow","max-snippet":"max-snippet:-1","max-image-preview":"max-image-preview:large","max-video-preview":"max-video-preview:-1"},"canonical":"https:\/\/hfd.phee.dev\/en\/community-advisory-board-the-core-team\/","og_locale":"en_GB","og_type":"article","og_title":"Community Advisory Board: The Core Team - Hochschulforum Digitalisierung","og_description":"[vc_row][vc_column][vc_column_text]In its third funding phase, the HFD has once again expanded and recombined its catalog of measures in order to be a reliable companion and advisor in the digital transformation process of universities. In the final phase, the core team played a decisive role. Experts from the HFD community supported the HFD team in numerous [&hellip;]","og_url":"https:\/\/hfd.phee.dev\/en\/community-advisory-board-the-core-team\/","og_site_name":"Hochschulforum Digitalisierung","article_modified_time":"2023-10-17T05:10:51+00:00","twitter_card":"summary_large_image","twitter_misc":{"Estimated reading time":"3 minutes"},"schema":{"@context":"https:\/\/schema.org","@graph":[{"@type":"WebPage","@id":"https:\/\/hfd.phee.dev\/en\/community-advisory-board-the-core-team\/","url":"https:\/\/hfd.phee.dev\/en\/community-advisory-board-the-core-team\/","name":"Community Advisory Board: The Core Team - Hochschulforum Digitalisierung","isPartOf":{"@id":"https:\/\/hfd.phee.dev\/en\/#website"},"datePublished":"2023-10-14T14:20:57+00:00","dateModified":"2023-10-17T05:10:51+00:00","breadcrumb":{"@id":"https:\/\/hfd.phee.dev\/en\/community-advisory-board-the-core-team\/#breadcrumb"},"inLanguage":"en-GB","potentialAction":[{"@type":"ReadAction","target":["https:\/\/hfd.phee.dev\/en\/community-advisory-board-the-core-team\/"]}]},{"@type":"BreadcrumbList","@id":"https:\/\/hfd.phee.dev\/en\/community-advisory-board-the-core-team\/#breadcrumb","itemListElement":[{"@type":"ListItem","position":1,"name":"Home","item":"https:\/\/hfd.phee.dev\/en\/"},{"@type":"ListItem","position":2,"name":"Community Advisory Board: The Core Team"}]},{"@type":"WebSite","@id":"https:\/\/hfd.phee.dev\/en\/#website","url":"https:\/\/hfd.phee.dev\/en\/","name":"Hochschulforum Digitalisierung","description":"","publisher":{"@id":"https:\/\/hfd.phee.dev\/en\/#organization"},"potentialAction":[{"@type":"SearchAction","target":{"@type":"EntryPoint","urlTemplate":"https:\/\/hfd.phee.dev\/en\/?s={search_term_string}"},"query-input":{"@type":"PropertyValueSpecification","valueRequired":true,"valueName":"search_term_string"}}],"inLanguage":"en-GB"},{"@type":"Organization","@id":"https:\/\/hfd.phee.dev\/en\/#organization","name":"Hochschulforum Digitalisierung","url":"https:\/\/hfd.phee.dev\/en\/","logo":{"@type":"ImageObject","inLanguage":"en-GB","@id":"https:\/\/hfd.phee.dev\/en\/#\/schema\/logo\/image\/","url":"https:\/\/hfdwhdev.15.phee.host\/wp-content\/uploads\/2023\/02\/logo-hfd.png","contentUrl":"https:\/\/hfdwhdev.15.phee.host\/wp-content\/uploads\/2023\/02\/logo-hfd.png","width":261,"height":300,"caption":"Hochschulforum Digitalisierung"},"image":{"@id":"https:\/\/hfd.phee.dev\/en\/#\/schema\/logo\/image\/"}}]}},"_links":{"self":[{"href":"https:\/\/hfd.phee.dev\/en\/wp-json\/wp\/v2\/pages\/13629","targetHints":{"allow":["GET"]}}],"collection":[{"href":"https:\/\/hfd.phee.dev\/en\/wp-json\/wp\/v2\/pages"}],"about":[{"href":"https:\/\/hfd.phee.dev\/en\/wp-json\/wp\/v2\/types\/page"}],"author":[{"embeddable":true,"href":"https:\/\/hfd.phee.dev\/en\/wp-json\/wp\/v2\/users\/1"}],"replies":[{"embeddable":true,"href":"https:\/\/hfd.phee.dev\/en\/wp-json\/wp\/v2\/comments?post=13629"}],"version-history":[{"count":5,"href":"https:\/\/hfd.phee.dev\/en\/wp-json\/wp\/v2\/pages\/13629\/revisions"}],"predecessor-version":[{"id":13634,"href":"https:\/\/hfd.phee.dev\/en\/wp-json\/wp\/v2\/pages\/13629\/revisions\/13634"}],"wp:attachment":[{"href":"https:\/\/hfd.phee.dev\/en\/wp-json\/wp\/v2\/media?parent=13629"}],"wp:term":[{"taxonomy":"author","embeddable":true,"href":"https:\/\/hfd.phee.dev\/en\/wp-json\/wp\/v2\/ppma_author?post=13629"}],"curies":[{"name":"wp","href":"https:\/\/api.w.org\/{rel}","templated":true}]}}