{"id":12988,"date":"2023-06-19T14:33:23","date_gmt":"2023-06-19T14:33:23","guid":{"rendered":"https:\/\/hfdwhdev.15.phee.host\/the-hochschulforum-digitalisierung\/"},"modified":"2024-11-04T13:05:18","modified_gmt":"2024-11-04T13:05:18","slug":"the-hochschulforum-digitalisierung","status":"publish","type":"page","link":"https:\/\/hfd.phee.dev\/en\/the-hochschulforum-digitalisierung\/","title":{"rendered":"The Hochschulforum Digitalisierung"},"content":{"rendered":"<section class=\"wpb-content-wrapper\"><p>[vc_row][vc_column]\n    <section class=\"pn-component pn-textimage-section\">\n        <section class=\"textimage-wrap\">\n            <section class=\"row image-position-right\">\n                                    <article class=\"textimage-content col-12 col-md-6 order-2 order-md-1\">\n                        <div class=\"pn-headline-container  \n                        size-h2  \n                        font-weight-  \n                        text-transform-uppercase  \n                        color-  \n                        alignment-left\n                        icon-false\n                        h1\">\n                \n                <h2 id=\"\" class=\"inner-headline pn-headline\">What is the HFD?<\/h2>\n            <\/div>[vc_column_text]As a nationwide think-&amp;-do tank, the Hochschulforum Digitalisierung (HFD) brings together a broad community around digitalization in teaching and learning, makes developments visible, and tests innovative approaches to solutions. To this end, stakeholders from universities, politics, business and society are networked, accompanied and advised.<br \/>\nFounded in 2014, the Hochschulforum Digitalisierung is a joint initiative of the Stifterverband, the CHE Centre for Higher Education and the German Rectors&#8217; Conference (HRK). It is funded by the Federal Ministry of Education and Research (BMBF).[\/vc_column_text]                    <\/article>\n                    <article class=\"textimage-image col-12 col-md-6 order-1 order-md-2\">\n                        <img decoding=\"async\" src=\"https:\/\/hfd.phee.dev\/wp-content\/uploads\/2023\/09\/52486279389_ed75b06936_o.jpg\" alt=\"52486279389_ed75b06936_o\"\/>\n                        <figcaption class=\"textimage-image--caption\"><\/figcaption>\n                    <\/article>\n                            <\/section>\n        <\/section>\n    <\/section>\n\n    [\/vc_column][\/vc_row][vc_row][vc_column]\n    <section class=\"pn-component pn-textimage-section\">\n        <section class=\"textimage-wrap\">\n            <section class=\"row image-position-left\">\n                                    <article class=\"textimage-image col-12 col-md-6\">\n                        <img decoding=\"async\" src=\"https:\/\/hfd.phee.dev\/wp-content\/uploads\/2023\/09\/51312163657_37818fefa6_o.jpg\" alt=\"51312163657_37818fefa6_o\"\/>\n                        <figcaption class=\"textimage-image--caption\"><\/figcaption>\n                    <\/article>\n                    <article class=\"textimage-content col-12 col-md-6\">\n                        <div class=\"pn-headline-container  \n                        size-h2  \n                        font-weight-  \n                        text-transform-uppercase  \n                        color-  \n                        alignment-left\n                        icon-false\n                        h1\">\n                \n                <h2 id=\"\" class=\"inner-headline pn-headline\">What is the HFD for?<\/h2>\n            <\/div>[vc_column_text]Digitization is fundamentally changing higher education. We do not see it as an unstoppable force of nature, but as a transformation process that we must shape together. In order to unleash the useful potential of digitization, all stakeholders are needed: players from universities, politics, business and society. We offer a framework for this, create incentives, set topics and provide information to make this process successful.[\/vc_column_text]                    <\/article>\n                            <\/section>\n        <\/section>\n    <\/section>\n\n    [\/vc_column][\/vc_row][vc_row][vc_column width=&#8221;1\/2&#8243;]<div class=\"pn-headline-container  \n                        size-h2  \n                        font-weight-  \n                        text-transform-uppercase  \n                        color-  \n                        alignment-left\n                        icon-false\n                        h1\">\n                \n                <h2 id=\"\" class=\"inner-headline pn-headline\">What does the HFD do?<\/h2>\n            <\/div>[vc_column_text]The Hochschulforum Digitalisierung offers a range of different services and formats for different stakeholder groups, which can be assigned to the following four areas in accordance with our mission statement[\/vc_column_text][\/vc_column][vc_column width=&#8221;1\/2&#8243;]\n    <div class=\"pn-accordion-section\">\n        <div class=\"accordion-wrap\">\n                            <div class=\"accordion-item\">\n                    <button class=\"accordion\">\n                        Formats for exchange, consulting, networking                    <\/button>\n                    <div class=\"panel\">\n                        <p>Formate f\u00fcr Austausch, Beratung und Vernetzung bieten wir einerseits in Form von Konferenzen. Andererseits tauschen sich die Akteur:innen des Netzwerks f\u00fcr die Hochschullehre auf den j\u00e4hrlichen Summer Schools aus. Nat\u00fcrlich findet die Vernetzung auch online statt: Auf der Plattform Mattermost werden laufend neueste Entwicklungen zur Hochschullehre im digitalen Zeitalter diskutiert, (Lehr-)Erfahrungen ausgetauscht sowie aktuelle themenspezifische Ver\u00f6ffentlichungen und Veranstaltungen bekannt gemacht. In den HFD Hangouts wird regelm\u00e4\u00dfig die M\u00f6glichkeit zum themenspezifischen informellen Austausch geboten. \n\nEin weiteres Format ist die Peer-to-Peer-Strategieberatung, bei der in jedem Jahr sechs Hochschulen von externen Expert:innen in ihren Digitalisierungsbem\u00fchungen unterst\u00fctzt werden. Dar\u00fcber hinaus gibt es mit HFDlead ein Mentoringprogramm auf Hochschulleitungsebene, \u00fcber das eine intensive Begleitung von Hochschulleitungen auf strategischer Ebene erfolgt. <\/p>\n                    <\/div>\n                <\/div>\n                                <div class=\"accordion-item\">\n                    <button class=\"accordion\">\n                        Create incentives                    <\/button>\n                    <div class=\"panel\">\n                        <p>Wir m\u00f6chten Anreize schaffen, selbst zu Gestalter:innen des digitalen Wandels  zu werden. Mit dem HFDcert werden z.B. innovative Ans\u00e4tze in der digitalen Lehre belohnt und sichtbar gemacht.<\/p>\n                    <\/div>\n                <\/div>\n                                <div class=\"accordion-item\">\n                    <button class=\"accordion\">\n                        Set topics and impulses                    <\/button>\n                    <div class=\"panel\">\n                        <p>Um bestimmte aktuelle Themenschwerpunkte gezielt zu vertiefen, stellen wir jedes Jahr Arbeitsgruppen mit renommierten Expert:innen zusammen, die diese Themen f\u00fcr zun\u00e4chst ein Jahr bearbeiten und die Ergebnisse in Form von Studien, Impulspapieren und anderen Publikationen der \u00d6ffentlichkeit zug\u00e4nglich machen.\n\nZuletzt hat etwa die Ad-hoc-AG Lernarchitekturen Handlungsempfehlungen mit hohen Praxisbezug zu Lernraumentwicklung im digitalen Wandel erarbeitet. Im Rahmen der Ad-hoc-AG Hochschulbildung f\u00fcr das digitale Zeitalter begleiten wir aktuell auch die Diskursentwicklung zum Bildungsbegriff im europ\u00e4ischen Kontext.\n\nDurch unsere Arbeit sind wir mit vielen Beteiligten im Austausch. Wenn wir feststellen, dass ein wichtiges Thema in der Diskussion anscheinend zu kurz kommt, geben wir diesen Themen Raum: Mit der Zukunfts-AG #DigitaleChangemaker ermutigen wir Studierende, ihre Stimme in den Diskurs zur Hochschulbildung im digitalen Zeitalter einzubringen. <\/p>\n                    <\/div>\n                <\/div>\n                                <div class=\"accordion-item\">\n                    <button class=\"accordion\">\n                        Provide information                    <\/button>\n                    <div class=\"panel\">\n                        <p>In unseren Publikationen ver\u00f6ffentlichen wir ausf\u00fchrliche Studien und Positionen zu aktuellen Fragestellungen. In unserem Blog erscheinen w\u00f6chentlich mehrere kurze Texte zu relevanten Themen. Die Digital Learning Map macht Good-Practice-Beispiele der digitalen Lehre geografisch sichtbar. Wer gerne was auf die Ohren bekommt, kommt au\u00dferdem bei unseren Podcast-Reihen auf ihre oder seine Kosten.<\/p>\n                    <\/div>\n                <\/div>\n                        <\/div>\n    <\/div>\n\n    [\/vc_column][\/vc_row][vc_row][vc_column]\n    <section class=\"pn-component pn-textimage-section\">\n        <section class=\"textimage-wrap\">\n            <section class=\"row image-position-left\">\n                                    <article class=\"textimage-image col-12 col-md-6\">\n                        <img decoding=\"async\" src=\"https:\/\/hfd.phee.dev\/wp-content\/uploads\/2023\/10\/Word-Art-1_0-900x452-1.png\" alt=\"Word Art 1_0-900&#215;452\"\/>\n                        <figcaption class=\"textimage-image--caption\"><\/figcaption>\n                    <\/article>\n                    <article class=\"textimage-content col-12 col-md-6\">\n                        <div class=\"pn-headline-container  \n                        size-h2  \n                        font-weight-  \n                        text-transform-uppercase  \n                        color-  \n                        alignment-left\n                        icon-false\n                        h1\">\n                \n                <h2 id=\"\" class=\"inner-headline pn-headline\">What are the topics of the HFD?<\/h2>\n            <\/div>[vc_column_text]Das Portfolio des Hochschulforums ist gro\u00df und entwickelt sich st\u00e4ndig weiter. In der Wortwolke sind einige wichtige Themen visualisiert. Zu jedem dieser Themen finden Sie im jeweiligen Dossier alle relevanten Artikel und Ver\u00f6ffentlichungen.[\/vc_column_text]                    <\/article>\n                            <\/section>\n        <\/section>\n    <\/section>\n\n    [\/vc_column][\/vc_row][vc_row][vc_column]\n    <section class=\"pn-component pn-textimage-section\">\n        <section class=\"textimage-wrap\">\n            <section class=\"row image-position-right\">\n                                    <article class=\"textimage-content col-12 col-md-6 order-2 order-md-1\">\n                        <div class=\"pn-headline-container  \n                        size-h2  \n                        font-weight-  \n                        text-transform-uppercase  \n                        color-  \n                        alignment-left\n                        icon-false\n                        h1\">\n                \n                <h2 id=\"\" class=\"inner-headline pn-headline\">Who is the HFD?<\/h2>\n            <\/div>[vc_column_text]Das HFD besteht zum einen aus dem\u00a0<a href=\"http:\/\/hochschulforumdigitalisierung.de\/de\/team\" target=\"_blank\" rel=\"noopener\">Team<\/a>. Begleitet wird das Hochschulforum durch den\u00a0<a href=\"https:\/\/hochschulforumdigitalisierung.de\/de\/wir\/stakeholder-dialog\" target=\"_blank\" rel=\"noopener\">Stakeholder-Dialog<\/a>, in dem Vertreter:innen von f\u00fcr unsere Arbeit besonders relevanten Institutionen sitzen. Zum anderen lebt das HFD aber von jedem einzelnen Commmunitymitglied, das Tag f\u00fcr Tag die Digitalisierung in Studium und Lehre an ihrer oder seiner Institution kritisch vorantreibt und gestaltet.[\/vc_column_text]                    <\/article>\n                    <article class=\"textimage-image col-12 col-md-6 order-1 order-md-2\">\n                        <img decoding=\"async\" src=\"https:\/\/hfd.phee.dev\/wp-content\/uploads\/2023\/09\/52355370250_bb6883e8e8_o.jpg\" alt=\"52355370250_bb6883e8e8_o\"\/>\n                        <figcaption class=\"textimage-image--caption\"><\/figcaption>\n                    <\/article>\n                            <\/section>\n        <\/section>\n    <\/section>\n\n    [\/vc_column][\/vc_row][vc_row][vc_column]\n    <section class=\"pn-component pn-textimage-section\">\n        <section class=\"textimage-wrap\">\n            <section class=\"row image-position-left\">\n                                    <article class=\"textimage-image col-12 col-md-6\">\n                        <img decoding=\"async\" src=\"https:\/\/hfd.phee.dev\/wp-content\/uploads\/2023\/09\/50045737313_4787195b4b_o.jpg\" alt=\"50045737313_4787195b4b_o\"\/>\n                        <figcaption class=\"textimage-image--caption\"><\/figcaption>\n                    <\/article>\n                    <article class=\"textimage-content col-12 col-md-6\">\n                        <div class=\"pn-headline-container  \n                        size-h2  \n                        font-weight-  \n                        text-transform-uppercase  \n                        color-  \n                        alignment-left\n                        icon-false\n                        h1\">\n                \n                <h2 id=\"\" class=\"inner-headline pn-headline\">Where is the HFD?<\/h2>\n            <\/div>[vc_column_text]The HFD is everywhere. Our office and the team of the Stifterverband are located in Berlin, the team of the CHE in G\u00fctersloh, and the team of the HRK in Bonn. Our own events take place throughout Germany, but mostly in Berlin. We ourselves can be seen at events all over Germany and Europe. The HFD does not only consist of the project staff, but above all of our community members who are involved with us and are present in many places.<br \/>\nAs the Hochschulforum Digitalisierung, we naturally work digitally. Ongoing exchange takes place online on the Mattermost communication platform, and interested parties regularly come together for HFD hangouts[\/vc_column_text]\n        <div class=\"pn-button-container\n                style-dark                align-left                align-mobile-left                \">\n        <a class=\"pn-button\" style=\"padding: 8px 25px 6px 25px\" href=\"https:\/\/hfdwhdev.15.phee.host\/hfd-hangouts\/\" target=\"\">\n            <span>HFD Hangouts<\/span>        <\/a>\n    <\/div>\n\n                        <\/article>\n                            <\/section>\n        <\/section>\n    <\/section>\n\n    [\/vc_column][\/vc_row][vc_row][vc_column width=&#8221;1\/2&#8243;]\n    <section class=\"pn-component pn-textbox-section\">\n        <section class=\"textbox-wrap\">\n            <section class=\"textbox-inner background-color-white\">\n                <div class=\"pn-headline-container  \n                        size-h2  \n                        font-weight-  \n                        text-transform-uppercase  \n                        color-  \n                        alignment-left\n                        icon-false\n                        h1\">\n                \n                <h2 id=\"\" class=\"inner-headline pn-headline\">How can I get involved?<\/h2>\n            <\/div>[vc_column_text]S\u00e4mtliche Programme des HFD sind partizipativ gestaltet. Auf unserer Website finden Sie Angebote zu zahlreichen Themen rund um die Digitalisierung der Hochschulbildung &#8211; f\u00fcr alle beteiligten Zielgruppen![\/vc_column_text]            <\/section>\n        <\/section>\n    <\/section>\n\n    [\/vc_column][vc_column width=&#8221;1\/2&#8243;]\n    <section class=\"pn-component pn-textbox-section\">\n        <section class=\"textbox-wrap\">\n            <section class=\"textbox-inner background-color-white\">\n                <div class=\"pn-headline-container  \n                        size-h2  \n                        font-weight-  \n                        text-transform-uppercase  \n                        color-  \n                        alignment-left\n                        icon-false\n                        h1\">\n                \n                <h2 id=\"\" class=\"inner-headline pn-headline\">How do I stay up to date?<\/h2>\n            <\/div>[vc_column_text]<\/p>\n<ol>\n<li>Abonnieren Sie unseren <a href=\"https:\/\/hfdwhdev.15.phee.host\/newsletter\/\">Newsletter<\/a>.<\/li>\n<li>Folgen Sie uns auf <a href=\"#\">Twitter<\/a>, <a href=\"#\">Facebook<\/a>, <a href=\"#\">LinkedIn<\/a> &amp; <a href=\"#\">Youtube<\/a>.<\/li>\n<li>Melden Sie sich im <a href=\"https:\/\/hfdnetzwerk.de\/\">HFDnetzwerk<\/a> an.<\/li>\n<\/ol>\n<p>[\/vc_column_text]            <\/section>\n        <\/section>\n    <\/section>\n\n    [\/vc_column][\/vc_row]<\/p>\n<\/section>","protected":false},"excerpt":{"rendered":"<p>[vc_row][vc_column][\/vc_column][\/vc_row][vc_row][vc_column][\/vc_column][\/vc_row][vc_row][vc_column width=&#8221;1\/2&#8243;][vc_column_text]The Hochschulforum Digitalisierung offers a range of different services and formats for different stakeholder groups, which can be assigned to the following four areas in accordance with our mission statement[\/vc_column_text][\/vc_column][vc_column width=&#8221;1\/2&#8243;][\/vc_column][\/vc_row][vc_row][vc_column][\/vc_column][\/vc_row][vc_row][vc_column][\/vc_column][\/vc_row][vc_row][vc_column][\/vc_column][\/vc_row][vc_row][vc_column width=&#8221;1\/2&#8243;][\/vc_column][vc_column width=&#8221;1\/2&#8243;][\/vc_column][\/vc_row]<\/p>\n","protected":false},"author":1,"featured_media":11795,"parent":0,"menu_order":61,"comment_status":"closed","ping_status":"closed","template":"page-full-width.php","meta":{"_acf_changed":false,"footnotes":""},"ppma_author":[67],"class_list":["post-12988","page","type-page","status-publish","hentry"],"acf":[],"yoast_head":"<!-- This site is optimized with the Yoast SEO plugin v23.4 - https:\/\/yoast.com\/wordpress\/plugins\/seo\/ -->\n<title>The Hochschulforum Digitalisierung - Hochschulforum Digitalisierung<\/title>\n<meta name=\"description\" content=\"Welcome to the Hochschulforum Digitalisierung! Learn more about our tasks, topics and formats here.\" \/>\n<meta name=\"robots\" content=\"index, follow, max-snippet:-1, max-image-preview:large, max-video-preview:-1\" \/>\n<link rel=\"canonical\" href=\"https:\/\/hfd.phee.dev\/en\/the-hochschulforum-digitalisierung\/\" \/>\n<meta property=\"og:locale\" content=\"en_GB\" \/>\n<meta property=\"og:type\" content=\"article\" \/>\n<meta property=\"og:title\" content=\"The Hochschulforum Digitalisierung - Hochschulforum Digitalisierung\" \/>\n<meta property=\"og:description\" content=\"Welcome to the Hochschulforum Digitalisierung! Learn more about our tasks, topics and formats here.\" \/>\n<meta property=\"og:url\" content=\"https:\/\/hfd.phee.dev\/en\/the-hochschulforum-digitalisierung\/\" \/>\n<meta property=\"og:site_name\" content=\"Hochschulforum Digitalisierung\" \/>\n<meta property=\"article:modified_time\" content=\"2024-11-04T13:05:18+00:00\" \/>\n<meta property=\"og:image\" content=\"https:\/\/hfd.phee.dev\/wp-content\/uploads\/2023\/09\/image-2.png\" \/>\n\t<meta property=\"og:image:width\" content=\"697\" \/>\n\t<meta property=\"og:image:height\" content=\"515\" \/>\n\t<meta property=\"og:image:type\" content=\"image\/png\" \/>\n<meta name=\"twitter:card\" content=\"summary_large_image\" \/>\n<meta name=\"twitter:label1\" content=\"Estimated reading time\" \/>\n\t<meta name=\"twitter:data1\" content=\"6 minutes\" \/>\n<script type=\"application\/ld+json\" class=\"yoast-schema-graph\">{\"@context\":\"https:\/\/schema.org\",\"@graph\":[{\"@type\":\"WebPage\",\"@id\":\"https:\/\/hfd.phee.dev\/en\/the-hochschulforum-digitalisierung\/\",\"url\":\"https:\/\/hfd.phee.dev\/en\/the-hochschulforum-digitalisierung\/\",\"name\":\"The Hochschulforum Digitalisierung - Hochschulforum Digitalisierung\",\"isPartOf\":{\"@id\":\"https:\/\/hfd.phee.dev\/en\/#website\"},\"primaryImageOfPage\":{\"@id\":\"https:\/\/hfd.phee.dev\/en\/the-hochschulforum-digitalisierung\/#primaryimage\"},\"image\":{\"@id\":\"https:\/\/hfd.phee.dev\/en\/the-hochschulforum-digitalisierung\/#primaryimage\"},\"thumbnailUrl\":\"https:\/\/hfd.phee.dev\/wp-content\/uploads\/2023\/09\/image-2.png\",\"datePublished\":\"2023-06-19T14:33:23+00:00\",\"dateModified\":\"2024-11-04T13:05:18+00:00\",\"description\":\"Welcome to the Hochschulforum Digitalisierung! Learn more about our tasks, topics and formats here.\",\"breadcrumb\":{\"@id\":\"https:\/\/hfd.phee.dev\/en\/the-hochschulforum-digitalisierung\/#breadcrumb\"},\"inLanguage\":\"en-GB\",\"potentialAction\":[{\"@type\":\"ReadAction\",\"target\":[\"https:\/\/hfd.phee.dev\/en\/the-hochschulforum-digitalisierung\/\"]}]},{\"@type\":\"ImageObject\",\"inLanguage\":\"en-GB\",\"@id\":\"https:\/\/hfd.phee.dev\/en\/the-hochschulforum-digitalisierung\/#primaryimage\",\"url\":\"https:\/\/hfd.phee.dev\/wp-content\/uploads\/2023\/09\/image-2.png\",\"contentUrl\":\"https:\/\/hfd.phee.dev\/wp-content\/uploads\/2023\/09\/image-2.png\",\"width\":697,\"height\":515},{\"@type\":\"BreadcrumbList\",\"@id\":\"https:\/\/hfd.phee.dev\/en\/the-hochschulforum-digitalisierung\/#breadcrumb\",\"itemListElement\":[{\"@type\":\"ListItem\",\"position\":1,\"name\":\"Home\",\"item\":\"https:\/\/hfd.phee.dev\/en\/\"},{\"@type\":\"ListItem\",\"position\":2,\"name\":\"The Hochschulforum Digitalisierung\"}]},{\"@type\":\"WebSite\",\"@id\":\"https:\/\/hfd.phee.dev\/en\/#website\",\"url\":\"https:\/\/hfd.phee.dev\/en\/\",\"name\":\"Hochschulforum Digitalisierung\",\"description\":\"\",\"publisher\":{\"@id\":\"https:\/\/hfd.phee.dev\/en\/#organization\"},\"potentialAction\":[{\"@type\":\"SearchAction\",\"target\":{\"@type\":\"EntryPoint\",\"urlTemplate\":\"https:\/\/hfd.phee.dev\/en\/?s={search_term_string}\"},\"query-input\":{\"@type\":\"PropertyValueSpecification\",\"valueRequired\":true,\"valueName\":\"search_term_string\"}}],\"inLanguage\":\"en-GB\"},{\"@type\":\"Organization\",\"@id\":\"https:\/\/hfd.phee.dev\/en\/#organization\",\"name\":\"Hochschulforum Digitalisierung\",\"url\":\"https:\/\/hfd.phee.dev\/en\/\",\"logo\":{\"@type\":\"ImageObject\",\"inLanguage\":\"en-GB\",\"@id\":\"https:\/\/hfd.phee.dev\/en\/#\/schema\/logo\/image\/\",\"url\":\"https:\/\/hfdwhdev.15.phee.host\/wp-content\/uploads\/2023\/02\/logo-hfd.png\",\"contentUrl\":\"https:\/\/hfdwhdev.15.phee.host\/wp-content\/uploads\/2023\/02\/logo-hfd.png\",\"width\":261,\"height\":300,\"caption\":\"Hochschulforum Digitalisierung\"},\"image\":{\"@id\":\"https:\/\/hfd.phee.dev\/en\/#\/schema\/logo\/image\/\"}}]}<\/script>\n<!-- \/ Yoast SEO plugin. -->","yoast_head_json":{"title":"The Hochschulforum Digitalisierung - Hochschulforum Digitalisierung","description":"Welcome to the Hochschulforum Digitalisierung! Learn more about our tasks, topics and formats here.","robots":{"index":"index","follow":"follow","max-snippet":"max-snippet:-1","max-image-preview":"max-image-preview:large","max-video-preview":"max-video-preview:-1"},"canonical":"https:\/\/hfd.phee.dev\/en\/the-hochschulforum-digitalisierung\/","og_locale":"en_GB","og_type":"article","og_title":"The Hochschulforum Digitalisierung - Hochschulforum Digitalisierung","og_description":"Welcome to the Hochschulforum Digitalisierung! Learn more about our tasks, topics and formats here.","og_url":"https:\/\/hfd.phee.dev\/en\/the-hochschulforum-digitalisierung\/","og_site_name":"Hochschulforum Digitalisierung","article_modified_time":"2024-11-04T13:05:18+00:00","og_image":[{"width":697,"height":515,"url":"https:\/\/hfd.phee.dev\/wp-content\/uploads\/2023\/09\/image-2.png","type":"image\/png"}],"twitter_card":"summary_large_image","twitter_misc":{"Estimated reading time":"6 minutes"},"schema":{"@context":"https:\/\/schema.org","@graph":[{"@type":"WebPage","@id":"https:\/\/hfd.phee.dev\/en\/the-hochschulforum-digitalisierung\/","url":"https:\/\/hfd.phee.dev\/en\/the-hochschulforum-digitalisierung\/","name":"The Hochschulforum Digitalisierung - Hochschulforum Digitalisierung","isPartOf":{"@id":"https:\/\/hfd.phee.dev\/en\/#website"},"primaryImageOfPage":{"@id":"https:\/\/hfd.phee.dev\/en\/the-hochschulforum-digitalisierung\/#primaryimage"},"image":{"@id":"https:\/\/hfd.phee.dev\/en\/the-hochschulforum-digitalisierung\/#primaryimage"},"thumbnailUrl":"https:\/\/hfd.phee.dev\/wp-content\/uploads\/2023\/09\/image-2.png","datePublished":"2023-06-19T14:33:23+00:00","dateModified":"2024-11-04T13:05:18+00:00","description":"Welcome to the Hochschulforum Digitalisierung! Learn more about our tasks, topics and formats here.","breadcrumb":{"@id":"https:\/\/hfd.phee.dev\/en\/the-hochschulforum-digitalisierung\/#breadcrumb"},"inLanguage":"en-GB","potentialAction":[{"@type":"ReadAction","target":["https:\/\/hfd.phee.dev\/en\/the-hochschulforum-digitalisierung\/"]}]},{"@type":"ImageObject","inLanguage":"en-GB","@id":"https:\/\/hfd.phee.dev\/en\/the-hochschulforum-digitalisierung\/#primaryimage","url":"https:\/\/hfd.phee.dev\/wp-content\/uploads\/2023\/09\/image-2.png","contentUrl":"https:\/\/hfd.phee.dev\/wp-content\/uploads\/2023\/09\/image-2.png","width":697,"height":515},{"@type":"BreadcrumbList","@id":"https:\/\/hfd.phee.dev\/en\/the-hochschulforum-digitalisierung\/#breadcrumb","itemListElement":[{"@type":"ListItem","position":1,"name":"Home","item":"https:\/\/hfd.phee.dev\/en\/"},{"@type":"ListItem","position":2,"name":"The Hochschulforum Digitalisierung"}]},{"@type":"WebSite","@id":"https:\/\/hfd.phee.dev\/en\/#website","url":"https:\/\/hfd.phee.dev\/en\/","name":"Hochschulforum Digitalisierung","description":"","publisher":{"@id":"https:\/\/hfd.phee.dev\/en\/#organization"},"potentialAction":[{"@type":"SearchAction","target":{"@type":"EntryPoint","urlTemplate":"https:\/\/hfd.phee.dev\/en\/?s={search_term_string}"},"query-input":{"@type":"PropertyValueSpecification","valueRequired":true,"valueName":"search_term_string"}}],"inLanguage":"en-GB"},{"@type":"Organization","@id":"https:\/\/hfd.phee.dev\/en\/#organization","name":"Hochschulforum Digitalisierung","url":"https:\/\/hfd.phee.dev\/en\/","logo":{"@type":"ImageObject","inLanguage":"en-GB","@id":"https:\/\/hfd.phee.dev\/en\/#\/schema\/logo\/image\/","url":"https:\/\/hfdwhdev.15.phee.host\/wp-content\/uploads\/2023\/02\/logo-hfd.png","contentUrl":"https:\/\/hfdwhdev.15.phee.host\/wp-content\/uploads\/2023\/02\/logo-hfd.png","width":261,"height":300,"caption":"Hochschulforum Digitalisierung"},"image":{"@id":"https:\/\/hfd.phee.dev\/en\/#\/schema\/logo\/image\/"}}]}},"_links":{"self":[{"href":"https:\/\/hfd.phee.dev\/en\/wp-json\/wp\/v2\/pages\/12988","targetHints":{"allow":["GET"]}}],"collection":[{"href":"https:\/\/hfd.phee.dev\/en\/wp-json\/wp\/v2\/pages"}],"about":[{"href":"https:\/\/hfd.phee.dev\/en\/wp-json\/wp\/v2\/types\/page"}],"author":[{"embeddable":true,"href":"https:\/\/hfd.phee.dev\/en\/wp-json\/wp\/v2\/users\/1"}],"replies":[{"embeddable":true,"href":"https:\/\/hfd.phee.dev\/en\/wp-json\/wp\/v2\/comments?post=12988"}],"version-history":[{"count":13,"href":"https:\/\/hfd.phee.dev\/en\/wp-json\/wp\/v2\/pages\/12988\/revisions"}],"predecessor-version":[{"id":14332,"href":"https:\/\/hfd.phee.dev\/en\/wp-json\/wp\/v2\/pages\/12988\/revisions\/14332"}],"wp:featuredmedia":[{"embeddable":true,"href":"https:\/\/hfd.phee.dev\/en\/wp-json\/wp\/v2\/media\/11795"}],"wp:attachment":[{"href":"https:\/\/hfd.phee.dev\/en\/wp-json\/wp\/v2\/media?parent=12988"}],"wp:term":[{"taxonomy":"author","embeddable":true,"href":"https:\/\/hfd.phee.dev\/en\/wp-json\/wp\/v2\/ppma_author?post=12988"}],"curies":[{"name":"wp","href":"https:\/\/api.w.org\/{rel}","templated":true}]}}