{"id":12874,"date":"2023-08-16T09:16:09","date_gmt":"2023-08-16T09:16:09","guid":{"rendered":"https:\/\/hfdwhdev.15.phee.host\/magazine-strategy-digital\/"},"modified":"2023-10-16T15:12:05","modified_gmt":"2023-10-16T15:12:05","slug":"magazine-strategy-digital","status":"publish","type":"page","link":"https:\/\/hfd.phee.dev\/en\/magazine-strategy-digital\/","title":{"rendered":"Magazine strategy digital"},"content":{"rendered":"<section class=\"wpb-content-wrapper\"><p>[vc_row][vc_column][vc_column_text]<\/p>\n<p><strong>The magazine <i>strategie digital<\/i> is aimed at all those concerned with higher education strategies in the digital age. The magazine is published once a year in autumn. The focus of the upcoming, fourth issue is the topic &#8220;Learning Spaces&#8221;. This will be published in fall 2023 and will be accompanied by the <a href=\"https:\/\/www.che.de\/events\/kategorie\/webinare\/lernraeume\/\">webinar series &#8220;CHE Talk feat. HFD&#8221;<\/a>.<\/strong><\/p>\n<p>[\/vc_column_text][\/vc_column][\/vc_row][vc_row][vc_column][vc_single_image image=&#8221;12385&#8243; img_size=&#8221;full&#8221; alignment=&#8221;center&#8221; onclick=&#8221;custom_link&#8221; img_link_target=&#8221;_blank&#8221; link=&#8221;http:\/\/hfdwhdev.15.phee.host\/wp-content\/uploads\/2023\/10\/strategie-digital_ausgabe04_Lernraeume_einseitig.pdf&#8221;][vc_empty_space height=&#8221;10px&#8221;][\/vc_column][\/vc_row][vc_row][vc_column][vc_column_text]<span style=\"font-weight: 400;\">In October 2021, the Hochschulforum Digitalisierung published the magazine <\/span><i><span style=\"font-weight: 400;\">strategy digital <\/span><\/i> <span style=\"font-weight: 400;\">launched. Each issue is devoted to a key topic. In addition to articles on the respective main topic of the magazine, special attention is paid to the community. In the context of calls for proposals (&#8220;Community Calls&#8221;), the HFD community can make its own contributions. In various formats, authors from the higher education sector also share their experiences and insights on digitization in teaching and learning.<\/span>[\/vc_column_text][\/vc_column][\/vc_row][vc_row][vc_column width=&#8221;1\/2&#8243;][vc_column_text]<b>&#8220;Future-oriented learning spaces&#8221; are the main topic of the fourth issue of the HFD magazine <\/b><b><i>strategy digital<\/i><\/b><b>.<\/b><span style=\"font-weight: 400;\"> The issue was published in September 2023 and is aimed at learning space novices as well as learning space experts. It is intended to provide readers with ideas on how to approach processes related to the design of learning spaces. In doing so, we incorporate the latest findings from learning space research, take up participation methods, show good practices from abroad and integrate practical tips on how to set up a learning space process from the very beginning. In this context, we understand &#8220;learning spaces&#8221; to mean the entire place of higher education: the campus outdoor spaces are also included in the design. In addition to the student perspective, the HFD community also has its say and was able to submit their favorite learning spaces. All in all, there are many ways to (re)design learning spaces &#8211; the best thing to do is to contact stakeholders and get started right away!<\/span><\/p>\n<p>[\/vc_column_text][\/vc_column][vc_column width=&#8221;1\/2&#8243;][vc_single_image image=&#8221;12388&#8243; img_size=&#8221;300&#215;400&#8243; onclick=&#8221;custom_link&#8221; img_link_target=&#8221;_blank&#8221; link=&#8221;https:\/\/hfdwhdev.15.phee.host\/wp-content\/uploads\/2023\/10\/strategie-digital_ausgabe04_Lernraeume_einseitig.pdf&#8221;][\/vc_column][\/vc_row][vc_row][vc_column width=&#8221;1\/2&#8243;]\n        <div class=\"pn-button-container\n                style-dark                align-left                align-mobile-left                \">\n        <a class=\"pn-button\" style=\"padding: 8px 25px 6px 25px\" href=\"https:\/\/hfdwhdev.15.phee.host\/wp-content\/uploads\/2023\/10\/strategie-digital_ausgabe04_Lernraeume_einseitig.pdf\" target=\"_blank\">\n            <span>Download fourth edition<\/span>        <\/a>\n    <\/div>\n\n    [\/vc_column][vc_column width=&#8221;1\/2&#8243;][\/vc_column][\/vc_row][vc_row][vc_column][vc_empty_space height=&#8221;70&#8243;][\/vc_column][\/vc_row][vc_row][vc_column width=&#8221;1\/2&#8243;][vc_single_image image=&#8221;12174&#8243; img_size=&#8221;full&#8221; onclick=&#8221;custom_link&#8221; img_link_target=&#8221;_blank&#8221; css=&#8221;.vc_custom_1696929428639{background-position: center !important;background-repeat: no-repeat !important;background-size: cover !important;}&#8221; link=&#8221;http:\/\/hfdwhdev.15.phee.host\/wp-content\/uploads\/2023\/10\/SD_03_Einzel.pdf&#8221;][\/vc_column][vc_column width=&#8221;1\/2&#8243;][vc_column_text]<\/p>\n<p>\n<strong>Das Thema \u201ePartizipation\u201c ist Schwerpunkt der dritten Ausgabe von\u00a0<\/strong><strong><em>strategie digital<\/em><\/strong><strong>, erschienen im Oktober 2022.<\/strong>\u00a0Im Mittelpunkt steht die Frage, wie Partizipationsprozesse an Hochschulen erfolgreich gestaltet werden k\u00f6nnen. Dazu konnten wir Autor:innen aus allen beteiligten Statusgruppen gewinnen: von der (ehemaligen) Hochschulleitung \u00fcber Lehrende bis hin zu Studierenden. Die Autor:innen zeigen in ihren Beitr\u00e4gen konkrete Anwendungsbeispiele, wie man verschiedene Gruppen in strategische Prozesse einbinden kann. Auch einen Blick auf das Thema Partizipation in Digitalisierungsprozessen von Seiten der Forschung, ein internationales Beispiel sowie Good Practices unserer Community k\u00f6nnen Sie in diesem Magazin finden. Worin sich die Autor:innen einig sind? Transparenz ist unabdingbar und es lohnt sich, neue (Begegnungs-)Anl\u00e4sse zu schaffen!&#13;\n<p>[\/vc_column_text][\/vc_column][\/vc_row][vc_row][vc_column width=&#8221;1\/2&#8243;][\/vc_column][vc_column width=&#8221;1\/2&#8243;]\n        <div class=\"pn-button-container\n                style-dark                align-left                align-mobile-left                \">\n        <a class=\"pn-button\" style=\"padding: 8px 25px 6px 25px\" href=\"https:\/\/hfdwhdev.15.phee.host\/wp-content\/uploads\/2023\/10\/SD_03_Einzel.pdf\" target=\"_blank\">\n            <span>Dritte Ausgabe herunterladen<\/span>        <\/a>\n    <\/div>\n\n    [\/vc_column][\/vc_row][vc_row][vc_column][vc_empty_space height=&#8221;70&#8243;][\/vc_column][\/vc_row][vc_row][vc_column width=&#8221;1\/2&#8243;][vc_column_text]<\/p>&#13;\n<p><b>Focus of the first issue (October 2021) of<\/b><b><i> strategy digital<\/i><\/b><b> is the topic of &#8220;(Digital) Leadership&#8221;. <\/b> <span style=\"font-weight: 400;\">The strategic orientation of universities or their subdivisions is directly linked to the leadership understanding of their managers. There are several approaches worth considering. One focus is on digital leadership. In the past two years, the Corona pandemic has transported topics of digitization and rapid crisis management onto the agendas of educational institutions with enormous force &#8211; in many cases an accelerator for digital transformation at universities. But what does it mean to lead a university that is undergoing such a process? Are there success factors for good digital leadership? These and other questions are answered in the magazine.<\/span><\/p>&#13;\n<p>[\/vc_column_text][\/vc_column][vc_column width=&#8221;1\/2&#8243;][vc_single_image image=&#8221;12182&#8243; img_size=&#8221;full&#8221; onclick=&#8221;custom_link&#8221; img_link_target=&#8221;_blank&#8221; link=&#8221;https:\/\/hfdwhdev.15.phee.host\/wp-content\/uploads\/2023\/10\/strategie_digital_Ausgabe2.pdf&#8221;][\/vc_column][\/vc_row][vc_row][vc_column width=&#8221;1\/2&#8243;]\n        <div class=\"pn-button-container\n                style-dark                align-left                align-mobile-left                \">\n        <a class=\"pn-button\" style=\"padding: 8px 25px 6px 25px\" href=\"https:\/\/hfdwhdev.15.phee.host\/wp-content\/uploads\/2023\/10\/strategie_digital_Ausgabe2.pdf\" target=\"_blank\">\n            <span>Download second edition<\/span>        <\/a>\n    <\/div>\n\n    [\/vc_column][vc_column width=&#8221;1\/2&#8243;][\/vc_column][\/vc_row][vc_row][vc_column][vc_empty_space height=&#8221;70px&#8221;][\/vc_column][\/vc_row][vc_row][vc_column width=&#8221;1\/2&#8243;][vc_single_image image=&#8221;12190&#8243; img_size=&#8221;full&#8221; onclick=&#8221;custom_link&#8221; img_link_target=&#8221;_blank&#8221; link=&#8221;http:\/\/hfdwhdev.15.phee.host\/wp-content\/uploads\/2023\/10\/strategie_digital_Ausgabe1.pdf&#8221;][\/vc_column][vc_column width=&#8221;1\/2&#8243;][vc_column_text]<\/p>&#13;\n<p><b>Focus of the first issue (October 2021) of<\/b><b><i> strategy digital<\/i><\/b><b> is the topic of &#8220;(Digital) Leadership&#8221;. <\/b> <span style=\"font-weight: 400;\">The strategic orientation of universities or their subdivisions is directly linked to the leadership understanding of their managers. There are several approaches worth considering. One focus is on digital leadership. In the past two years, the Corona pandemic has transported topics of digitization and rapid crisis management onto the agendas of educational institutions with enormous force &#8211; in many cases an accelerator for digital transformation at universities. But what does it mean to lead a university that is undergoing such a process? Are there success factors for good digital leadership? These and other questions are answered in the magazine.<\/span><\/p>&#13;\n<p>[\/vc_column_text][\/vc_column][\/vc_row][vc_row][vc_column width=&#8221;1\/2&#8243;][\/vc_column][vc_column width=&#8221;1\/2&#8243;]\n        <div class=\"pn-button-container\n                style-dark                align-left                align-mobile-left                \">\n        <a class=\"pn-button\" style=\"padding: 8px 25px 6px 25px\" href=\"https:\/\/hfdwhdev.15.phee.host\/wp-content\/uploads\/2023\/10\/strategie_digital_Ausgabe1.pdf\" target=\"_blank\">\n            <span>Download first issue<\/span>        <\/a>\n    <\/div>\n\n    [\/vc_column][\/vc_row][vc_row][vc_column][vc_empty_space height=&#8221;70px&#8221;][\/vc_column][\/vc_row][vc_row][vc_column][vc_column_text]<span style=\"font-weight: 400;\">The launch of the magazine was accompanied by an interactive exchange with three of the authors on the topic of (digital) leadership. Within the framework of the University:Future Festival 2021.<\/span> <a href=\"https:\/\/www.che.de\/team\/anne-prill\/\"><span style=\"font-weight: 400;\">Anne Prill<\/span><\/a><span style=\"font-weight: 400;\">,<\/span><a href=\"https:\/\/www.ew.uni-hamburg.de\/ueber-die-fakultaet\/personen\/mayrberger.html\"><span style=\"font-weight: 400;\">Prof. Dr. Kerstin Mayrberger<\/span><\/a><span style=\"font-weight: 400;\"> and<\/span><a href=\"https:\/\/ulf-ehlers.de\/\"><span style=\"font-weight: 400;\">Prof. Dr. Ulf-Daniel Ehlers<\/span><\/a> <span style=\"font-weight: 400;\">shared their leadership approaches in a 30-minute talk. The session was moderated by<\/span><a href=\"https:\/\/www.che.de\/team\/josephine-sames\/\"> <span style=\"font-weight: 400;\">Josephine Sames<\/span><\/a><span style=\"font-weight: 400;\">. The<\/span> <a href=\"https:\/\/www.youtube.com\/watch?v=7v43HtQoesI&amp;t=3s\"><b>Session <\/b><b><i>&#8220;(Digital) Leadership at Universities&#8221;<\/i><\/b><b> you can watch on YouTube<\/b><\/a><span style=\"font-weight: 400;\"> watch.<\/span><\/p>&#13;\n<p><span style=\"font-weight: 400;\"> <\/span><b>Do you like the magazine? Would you like to contribute to one of the next magazines? Do you have any other questions, comments or feedback? <\/b><span style=\"font-weight: 400;\">We welcome your feedback at <\/span><a href=\"mailto:strategie-digital@hochschulforum.org\"><span style=\"font-weight: 400;\">strategie-digital@hochschulforum.org<\/span><\/a><span style=\"font-weight: 400;\">.<\/span><\/p>&#13;\n<p><b>You don&#8217;t want to miss an issue? <\/b><span style=\"font-weight: 400;\">We will be happy to add you to our distribution list. To do this, use the<\/span> <a href=\"https:\/\/app.getresponse.com\/site2\/faa958bf0951ee64050a0311e3c0ad3f\/?u=tJs9q&amp;webforms_id=G2o7X\"><b>Form<\/b><\/a><span style=\"font-weight: 400;\">.<\/span>[\/vc_column_text][\/vc_column][\/vc_row][vc_row][vc_column][vc_raw_html]PHNjcmlwdCB0eXBlPSd0ZXh0L2phdmFzY3JpcHQnIHNyYz0naHR0cHM6Ly9hcHAuZ2V0cmVzcG9uc2UuY29tL3ZpZXdfd2ViZm9ybV92Mi5qcz91PXRKczlxJndlYmZvcm1zX2lkPUcybzdYJz48L3NjcmlwdD4=[\/vc_raw_html][\/vc_column][\/vc_row][vc_row][vc_column]\n    <article class=\"pn-team-container module \">\n                <article class=\"pn-team-container-inner cols-3\">\n                            <section class=\"team-section\">\n                    <a href=\"https:\/\/hfd.phee.dev\/en\/author\/josephine-sames\/\"><img class=\"team-img\" src=\"https:\/\/hfd.phee.dev\/wp-content\/uploads\/2023\/09\/JosephineSames_CHE-768x768.jpg\" alt=\"JosephineSames_CHE.jpg\" loading=\"lazy\" decoding=\"async\"\/><\/a>\n                    <div class=\"team-tags\">\n                        <span class=\"team-tags--tag\"><\/span>\n                    <\/div>\n                    <a href=\"https:\/\/hfd.phee.dev\/en\/author\/josephine-sames\/\" class=\"team-name\">Josephine Sames<\/a>\n\n                                            <section class=\"team-funktion\">\n                                                                CHE Centrum f\u00fcr Hochschulentwicklung, Projektmanagerin Hochschulforum Digitalisierung                                                        <\/section>\n                        \n                    <section class=\"team-social\">\n                                                    <a href=\"mailto:josephine.sames@che.de\" target=\"_blank\" class=\"team-social--email\"><i class=\"icon icon-mail blue\"><\/i><\/a>\n                                                <\/section>\n                <\/section>\n                        <\/article>\n    <\/article>\n\n    [\/vc_column][\/vc_row]<\/p><\/section>","protected":false},"excerpt":{"rendered":"<p>[vc_row][vc_column][vc_column_text] The magazine strategie digital is aimed at all those concerned with higher education strategies in the digital age. The magazine is published once a year in autumn. The focus of the upcoming, fourth issue is the topic &#8220;Learning Spaces&#8221;. This will be published in fall 2023 and will be accompanied by the webinar series [&hellip;]<\/p>\n","protected":false},"author":11,"featured_media":12386,"parent":0,"menu_order":0,"comment_status":"closed","ping_status":"closed","template":"","meta":{"_acf_changed":false,"footnotes":""},"ppma_author":[71],"class_list":["post-12874","page","type-page","status-publish","hentry"],"acf":[],"yoast_head":"<!-- This site is optimized with the Yoast SEO plugin v23.4 - https:\/\/yoast.com\/wordpress\/plugins\/seo\/ -->\n<title>Magazine strategy digital - Hochschulforum Digitalisierung<\/title>\n<meta name=\"description\" content=\"The magazine strategie digital is aimed at anyone concerned with higher education strategies in the digital age. The magazine is published once a year in autumn.\" \/>\n<meta name=\"robots\" content=\"index, follow, max-snippet:-1, max-image-preview:large, max-video-preview:-1\" \/>\n<link rel=\"canonical\" href=\"https:\/\/hfd.phee.dev\/en\/magazine-strategy-digital\/\" \/>\n<meta property=\"og:locale\" content=\"en_GB\" \/>\n<meta property=\"og:type\" content=\"article\" \/>\n<meta property=\"og:title\" content=\"Magazine strategy digital - Hochschulforum Digitalisierung\" \/>\n<meta property=\"og:description\" content=\"The magazine strategie digital is aimed at anyone concerned with higher education strategies in the digital age. The magazine is published once a year in autumn.\" \/>\n<meta property=\"og:url\" content=\"https:\/\/hfd.phee.dev\/en\/magazine-strategy-digital\/\" \/>\n<meta property=\"og:site_name\" content=\"Hochschulforum Digitalisierung\" \/>\n<meta property=\"article:modified_time\" content=\"2023-10-16T15:12:05+00:00\" \/>\n<meta property=\"og:image\" content=\"https:\/\/hfd.phee.dev\/wp-content\/uploads\/2023\/09\/strategie-digital-01-02-03-04-1.png\" \/>\n\t<meta property=\"og:image:width\" content=\"1600\" \/>\n\t<meta property=\"og:image:height\" content=\"900\" \/>\n\t<meta property=\"og:image:type\" content=\"image\/png\" \/>\n<meta name=\"twitter:card\" content=\"summary_large_image\" \/>\n<meta name=\"twitter:label1\" content=\"Estimated reading time\" \/>\n\t<meta name=\"twitter:data1\" content=\"6 minutes\" \/>\n<script type=\"application\/ld+json\" class=\"yoast-schema-graph\">{\"@context\":\"https:\/\/schema.org\",\"@graph\":[{\"@type\":\"WebPage\",\"@id\":\"https:\/\/hfd.phee.dev\/en\/magazine-strategy-digital\/\",\"url\":\"https:\/\/hfd.phee.dev\/en\/magazine-strategy-digital\/\",\"name\":\"Magazine strategy digital - Hochschulforum Digitalisierung\",\"isPartOf\":{\"@id\":\"https:\/\/hfd.phee.dev\/en\/#website\"},\"primaryImageOfPage\":{\"@id\":\"https:\/\/hfd.phee.dev\/en\/magazine-strategy-digital\/#primaryimage\"},\"image\":{\"@id\":\"https:\/\/hfd.phee.dev\/en\/magazine-strategy-digital\/#primaryimage\"},\"thumbnailUrl\":\"https:\/\/hfd.phee.dev\/wp-content\/uploads\/2023\/09\/strategie-digital-01-02-03-04-1.png\",\"datePublished\":\"2023-08-16T09:16:09+00:00\",\"dateModified\":\"2023-10-16T15:12:05+00:00\",\"description\":\"The magazine strategie digital is aimed at anyone concerned with higher education strategies in the digital age. The magazine is published once a year in autumn.\",\"breadcrumb\":{\"@id\":\"https:\/\/hfd.phee.dev\/en\/magazine-strategy-digital\/#breadcrumb\"},\"inLanguage\":\"en-GB\",\"potentialAction\":[{\"@type\":\"ReadAction\",\"target\":[\"https:\/\/hfd.phee.dev\/en\/magazine-strategy-digital\/\"]}]},{\"@type\":\"ImageObject\",\"inLanguage\":\"en-GB\",\"@id\":\"https:\/\/hfd.phee.dev\/en\/magazine-strategy-digital\/#primaryimage\",\"url\":\"https:\/\/hfd.phee.dev\/wp-content\/uploads\/2023\/09\/strategie-digital-01-02-03-04-1.png\",\"contentUrl\":\"https:\/\/hfd.phee.dev\/wp-content\/uploads\/2023\/09\/strategie-digital-01-02-03-04-1.png\",\"width\":1600,\"height\":900,\"caption\":\"Die vierte Ausgabe des Magazins strategie digital ist kostenlos verf\u00fcgbar.\"},{\"@type\":\"BreadcrumbList\",\"@id\":\"https:\/\/hfd.phee.dev\/en\/magazine-strategy-digital\/#breadcrumb\",\"itemListElement\":[{\"@type\":\"ListItem\",\"position\":1,\"name\":\"Home\",\"item\":\"https:\/\/hfd.phee.dev\/en\/\"},{\"@type\":\"ListItem\",\"position\":2,\"name\":\"Magazine strategy digital\"}]},{\"@type\":\"WebSite\",\"@id\":\"https:\/\/hfd.phee.dev\/en\/#website\",\"url\":\"https:\/\/hfd.phee.dev\/en\/\",\"name\":\"Hochschulforum Digitalisierung\",\"description\":\"\",\"publisher\":{\"@id\":\"https:\/\/hfd.phee.dev\/en\/#organization\"},\"potentialAction\":[{\"@type\":\"SearchAction\",\"target\":{\"@type\":\"EntryPoint\",\"urlTemplate\":\"https:\/\/hfd.phee.dev\/en\/?s={search_term_string}\"},\"query-input\":{\"@type\":\"PropertyValueSpecification\",\"valueRequired\":true,\"valueName\":\"search_term_string\"}}],\"inLanguage\":\"en-GB\"},{\"@type\":\"Organization\",\"@id\":\"https:\/\/hfd.phee.dev\/en\/#organization\",\"name\":\"Hochschulforum Digitalisierung\",\"url\":\"https:\/\/hfd.phee.dev\/en\/\",\"logo\":{\"@type\":\"ImageObject\",\"inLanguage\":\"en-GB\",\"@id\":\"https:\/\/hfd.phee.dev\/en\/#\/schema\/logo\/image\/\",\"url\":\"https:\/\/hfdwhdev.15.phee.host\/wp-content\/uploads\/2023\/02\/logo-hfd.png\",\"contentUrl\":\"https:\/\/hfdwhdev.15.phee.host\/wp-content\/uploads\/2023\/02\/logo-hfd.png\",\"width\":261,\"height\":300,\"caption\":\"Hochschulforum Digitalisierung\"},\"image\":{\"@id\":\"https:\/\/hfd.phee.dev\/en\/#\/schema\/logo\/image\/\"}}]}<\/script>\n<!-- \/ Yoast SEO plugin. -->","yoast_head_json":{"title":"Magazine strategy digital - Hochschulforum Digitalisierung","description":"The magazine strategie digital is aimed at anyone concerned with higher education strategies in the digital age. The magazine is published once a year in autumn.","robots":{"index":"index","follow":"follow","max-snippet":"max-snippet:-1","max-image-preview":"max-image-preview:large","max-video-preview":"max-video-preview:-1"},"canonical":"https:\/\/hfd.phee.dev\/en\/magazine-strategy-digital\/","og_locale":"en_GB","og_type":"article","og_title":"Magazine strategy digital - Hochschulforum Digitalisierung","og_description":"The magazine strategie digital is aimed at anyone concerned with higher education strategies in the digital age. The magazine is published once a year in autumn.","og_url":"https:\/\/hfd.phee.dev\/en\/magazine-strategy-digital\/","og_site_name":"Hochschulforum Digitalisierung","article_modified_time":"2023-10-16T15:12:05+00:00","og_image":[{"width":1600,"height":900,"url":"https:\/\/hfd.phee.dev\/wp-content\/uploads\/2023\/09\/strategie-digital-01-02-03-04-1.png","type":"image\/png"}],"twitter_card":"summary_large_image","twitter_misc":{"Estimated reading time":"6 minutes"},"schema":{"@context":"https:\/\/schema.org","@graph":[{"@type":"WebPage","@id":"https:\/\/hfd.phee.dev\/en\/magazine-strategy-digital\/","url":"https:\/\/hfd.phee.dev\/en\/magazine-strategy-digital\/","name":"Magazine strategy digital - Hochschulforum Digitalisierung","isPartOf":{"@id":"https:\/\/hfd.phee.dev\/en\/#website"},"primaryImageOfPage":{"@id":"https:\/\/hfd.phee.dev\/en\/magazine-strategy-digital\/#primaryimage"},"image":{"@id":"https:\/\/hfd.phee.dev\/en\/magazine-strategy-digital\/#primaryimage"},"thumbnailUrl":"https:\/\/hfd.phee.dev\/wp-content\/uploads\/2023\/09\/strategie-digital-01-02-03-04-1.png","datePublished":"2023-08-16T09:16:09+00:00","dateModified":"2023-10-16T15:12:05+00:00","description":"The magazine strategie digital is aimed at anyone concerned with higher education strategies in the digital age. The magazine is published once a year in autumn.","breadcrumb":{"@id":"https:\/\/hfd.phee.dev\/en\/magazine-strategy-digital\/#breadcrumb"},"inLanguage":"en-GB","potentialAction":[{"@type":"ReadAction","target":["https:\/\/hfd.phee.dev\/en\/magazine-strategy-digital\/"]}]},{"@type":"ImageObject","inLanguage":"en-GB","@id":"https:\/\/hfd.phee.dev\/en\/magazine-strategy-digital\/#primaryimage","url":"https:\/\/hfd.phee.dev\/wp-content\/uploads\/2023\/09\/strategie-digital-01-02-03-04-1.png","contentUrl":"https:\/\/hfd.phee.dev\/wp-content\/uploads\/2023\/09\/strategie-digital-01-02-03-04-1.png","width":1600,"height":900,"caption":"Die vierte Ausgabe des Magazins strategie digital ist kostenlos verf\u00fcgbar."},{"@type":"BreadcrumbList","@id":"https:\/\/hfd.phee.dev\/en\/magazine-strategy-digital\/#breadcrumb","itemListElement":[{"@type":"ListItem","position":1,"name":"Home","item":"https:\/\/hfd.phee.dev\/en\/"},{"@type":"ListItem","position":2,"name":"Magazine strategy digital"}]},{"@type":"WebSite","@id":"https:\/\/hfd.phee.dev\/en\/#website","url":"https:\/\/hfd.phee.dev\/en\/","name":"Hochschulforum Digitalisierung","description":"","publisher":{"@id":"https:\/\/hfd.phee.dev\/en\/#organization"},"potentialAction":[{"@type":"SearchAction","target":{"@type":"EntryPoint","urlTemplate":"https:\/\/hfd.phee.dev\/en\/?s={search_term_string}"},"query-input":{"@type":"PropertyValueSpecification","valueRequired":true,"valueName":"search_term_string"}}],"inLanguage":"en-GB"},{"@type":"Organization","@id":"https:\/\/hfd.phee.dev\/en\/#organization","name":"Hochschulforum Digitalisierung","url":"https:\/\/hfd.phee.dev\/en\/","logo":{"@type":"ImageObject","inLanguage":"en-GB","@id":"https:\/\/hfd.phee.dev\/en\/#\/schema\/logo\/image\/","url":"https:\/\/hfdwhdev.15.phee.host\/wp-content\/uploads\/2023\/02\/logo-hfd.png","contentUrl":"https:\/\/hfdwhdev.15.phee.host\/wp-content\/uploads\/2023\/02\/logo-hfd.png","width":261,"height":300,"caption":"Hochschulforum Digitalisierung"},"image":{"@id":"https:\/\/hfd.phee.dev\/en\/#\/schema\/logo\/image\/"}}]}},"_links":{"self":[{"href":"https:\/\/hfd.phee.dev\/en\/wp-json\/wp\/v2\/pages\/12874","targetHints":{"allow":["GET"]}}],"collection":[{"href":"https:\/\/hfd.phee.dev\/en\/wp-json\/wp\/v2\/pages"}],"about":[{"href":"https:\/\/hfd.phee.dev\/en\/wp-json\/wp\/v2\/types\/page"}],"author":[{"embeddable":true,"href":"https:\/\/hfd.phee.dev\/en\/wp-json\/wp\/v2\/users\/11"}],"replies":[{"embeddable":true,"href":"https:\/\/hfd.phee.dev\/en\/wp-json\/wp\/v2\/comments?post=12874"}],"version-history":[{"count":6,"href":"https:\/\/hfd.phee.dev\/en\/wp-json\/wp\/v2\/pages\/12874\/revisions"}],"predecessor-version":[{"id":13575,"href":"https:\/\/hfd.phee.dev\/en\/wp-json\/wp\/v2\/pages\/12874\/revisions\/13575"}],"wp:featuredmedia":[{"embeddable":true,"href":"https:\/\/hfd.phee.dev\/en\/wp-json\/wp\/v2\/media\/12386"}],"wp:attachment":[{"href":"https:\/\/hfd.phee.dev\/en\/wp-json\/wp\/v2\/media?parent=12874"}],"wp:term":[{"taxonomy":"author","embeddable":true,"href":"https:\/\/hfd.phee.dev\/en\/wp-json\/wp\/v2\/ppma_author?post=12874"}],"curies":[{"name":"wp","href":"https:\/\/api.w.org\/{rel}","templated":true}]}}