{"id":12524,"date":"2023-09-14T07:36:21","date_gmt":"2023-09-14T07:36:21","guid":{"rendered":"https:\/\/hfdwhdev.15.phee.host\/networking\/"},"modified":"2023-10-16T14:05:23","modified_gmt":"2023-10-16T14:05:23","slug":"networking","status":"publish","type":"page","link":"https:\/\/hfd.phee.dev\/en\/networking\/","title":{"rendered":"Networking"},"content":{"rendered":"<section class=\"wpb-content-wrapper\"><p>[vc_row][vc_column][vc_column_text]<strong>In its networking offerings, the Hochschulforum Digitalisierung (HFD) brings together university members of all status groups to enable a Germany-wide exchange across disciplines, universities, and states, to jointly set impulses, and thus to jointly advance digital and innovative teaching.<\/strong>[\/vc_column_text][\/vc_column][\/vc_row][vc_row][vc_column][vc_single_image image=&#8221;1405&#8243; img_size=&#8221;full&#8221; alignment=&#8221;center&#8221;][\/vc_column][\/vc_row][vc_row][vc_column][vc_column_text]<span style=\"font-weight: 400;\">As the largest network for digitization in teaching and learning in Germany, the HFD provides a <\/span><b>nationwide point of contact for a direct and uncomplicated exchange of experience<\/b><span style=\"font-weight: 400;\"> and <\/span><b>competence building<\/b><span style=\"font-weight: 400;\">  in the area of digital teaching and learning. With us you will find a  <\/span><b>professional, safe and trustworthy framework<\/b><span style=\"font-weight: 400;\">The aim of the event is to exchange ideas, discuss challenges and needs, and share experiences and best practices in a collegial atmosphere and on an equal footing. The  <\/span><b>Networking idea<\/b><span style=\"font-weight: 400;\">  is at the heart of everything the HFD offers. Through the exchange in our formats  <\/span><b>a<\/b> <b>network of experts and interested parties<\/b><span style=\"font-weight: 400;\">which <\/span><b>new ideas and approaches<\/b><span style=\"font-weight: 400;\"> and to transfer the <\/span><b>transfer the knowledge gained to the wider university landscape<\/b><span style=\"font-weight: 400;\">.<\/span><\/p>\n<p><span style=\"font-weight: 400;\">Our services are aimed at university teachers, university administrators, employees of didactic and support institutions, and students.  <\/span><b>In principle, all those involved in digital teaching are welcome<\/b><span style=\"font-weight: 400;\">. At the center of our activities is the  <\/span><b>Community <\/b><span style=\"font-weight: 400;\">itself, which networks, engages in peer learning and jointly develops new ideas and concepts.<\/span>[\/vc_column_text][\/vc_column][\/vc_row][vc_row][vc_column]<div class=\"pn-headline-container  \n                        size-h2  \n                        font-weight-  \n                        text-transform-  \n                        color-  \n                        alignment-left\n                        icon-false\n                        h1\">\n                \n                <h2 id=\"\" class=\"inner-headline pn-headline\">Our offers at a glance<\/h2>\n            <\/div>[\/vc_column][\/vc_row][vc_row][vc_column][vc_column_text]<a href=\"https:\/\/hfdwhdev.15.phee.host\/en\/hfdnetwork\/\"><b>HFDnetzwerk<\/b><\/a><b>:<\/b> Our communication platform is the central meeting point by, for and with the HFD community. It includes a searchable member directory that allows users to find targeted discussion partners and topic-specific exchange formats, as well as continuing education offerings in the area of digital teaching. The direct messenger &#8220;Mattermost&#8221; also enables a direct approach. Our Community Certficate &#8220;HFDcert&#8221; can also be used via the platform.[\/vc_column_text][\/vc_column][\/vc_row][vc_row][vc_column][vc_column_text]<a href=\"https:\/\/hfdwhdev.15.phee.host\/hfdlead\/\"><br \/>\n  <b>HFDlead<\/b><br \/>\n<\/a>The HFDlead &#8211; Network on Strategy &amp; Digitization &#8211; connects university leaders across organizations<b>. <\/b> As part of a year-long program, decision-makers at management level work together in tandem teams to exchange ideas on strategies for digitization in higher education.[\/vc_column_text][\/vc_column][\/vc_row][vc_row][vc_column][vc_column_text]<b>Gro\u00dfveranstaltungen und weitere Events<\/b>: Wirkungsvolle Gro\u00df-Events wie das\u00a0<a href=\"https:\/\/hfdwhdev.15.phee.host\/university-future-festival\/\" target=\"_blank\" rel=\"noopener\">University:Future Festival<\/a>\u00a0und die\u00a0<a href=\"https:\/\/hfdwhdev.15.phee.host\/hfdcon\/\">HFDcon<\/a>\u00a0sorgen sowohl digital als auch in Pr\u00e4senz f\u00fcr die Verbreitung gewonnener Erkenntnisse und weitergehende Vernetzungsm\u00f6glichkeiten. Weitere Veranstaltungen finden Sie auf unserer Seite\u00a0HFD-Events\u00a0sowie in unserem\u00a0Terminkalender.[\/vc_column_text][\/vc_column][\/vc_row][vc_row][vc_column][vc_column_text]<a href=\"https:\/\/hfdwhdev.15.phee.host\/hfd-hangouts\/\" target=\"_blank\" rel=\"noopener\"><b>HFD H<\/b><b>angouts<\/b><\/a>: Die Online-Treffen f\u00fcr Interessierte bieten in regelm\u00e4\u00dfigen Abst\u00e4nden und zu wechselnden Themen Gelegenheit zum informellen Austausch in der Community.[\/vc_column_text][\/vc_column][\/vc_row][vc_row][vc_column][vc_column_text]<a href=\"https:\/\/hfdwhdev.15.phee.host\/digitalisierung-der-fachbereiche\/\" target=\"_blank\" rel=\"noopener\"><b>Digitalisierung in den F\u00e4chern<\/b><\/a>: Fachspezifische Digitalisierungsexpertise b\u00fcndeln und ein niedrigschwelliges Angebot f\u00fcr Lehrende schaffen \u2013 das ist das Ziel von DiF.[\/vc_column_text][\/vc_column][\/vc_row][vc_row][vc_column][vc_column_text]<b>HFDlocal<\/b>: On site and in personal exchange, we would like to identify current topics and needs, get to know expertises and network groups with each other according to their needs.[\/vc_column_text][\/vc_column][\/vc_row][vc_row][vc_column][vc_column_text]<b>International<\/b>: Auch \u00fcber Grenzen hinweg m\u00f6chten wir die Community von Bildungsexpert:innen \u2013 z. B. durch\u00a0<a href=\"https:\/\/hfdwhdev.15.phee.host\/delegationsreisen\/\" target=\"_blank\" rel=\"noopener\">Delegationsreisen<\/a>\u00a0\u2013 vernetzen, um den Austausch von internationalen Perspektiven und Erfahrungen sowie Good Practices zu intensivieren und diese in die Praxis von Lehrenden und Lernenden einbringen zu k\u00f6nnen.[\/vc_column_text][\/vc_column][\/vc_row][vc_row][vc_column][vc_column_text]<b>All other HFD formats<\/b>: Exchange and networking are also the focus of all other HFD offerings &#8211; for example, in our formats from the areas of &#8220;Innovate and advise&#8221; and &#8220;Further education&#8221;.[\/vc_column_text][\/vc_column][\/vc_row][vc_row][vc_column]\n    <article class=\"pn-team-container module \">\n                    <h3 class=\"team-module-title\">Contact:<\/h3>\n                    <article class=\"pn-team-container-inner cols-5\">\n                            <section class=\"team-section\">\n                    <a href=\"https:\/\/hfd.phee.dev\/en\/author\/martin-wan\/\"><img class=\"team-img\" src=\"https:\/\/hfd.phee.dev\/wp-content\/uploads\/2023\/10\/cv-bild-768x768.jpg\" alt=\"cv-bild\" loading=\"lazy\" decoding=\"async\"\/><\/a>\n                    <div class=\"team-tags\">\n                        <span class=\"team-tags--tag\"><\/span>\n                    <\/div>\n                    <a href=\"https:\/\/hfd.phee.dev\/en\/author\/martin-wan\/\" class=\"team-name\">Martin Wan<\/a>\n\n                                            <section class=\"team-funktion\">\n                                                                Hochschulrektorenkonferenz, Projektleiter                                                        <\/section>\n                        \n                    <section class=\"team-social\">\n                                                    <a href=\"mailto:wan@hrk.de\" target=\"_blank\" class=\"team-social--email\"><i class=\"icon icon-mail blue\"><\/i><\/a>\n                                                <\/section>\n                <\/section>\n                                <section class=\"team-section\">\n                    <a href=\"https:\/\/hfd.phee.dev\/en\/author\/stefanie-haas-kornhoff\/\"><img class=\"team-img\" src=\"https:\/\/hfd.phee.dev\/wp-content\/uploads\/2023\/09\/stefanie-haas-kornhoff-960px_0-768x768.jpg\" alt=\"Stefanie Haas-Kornhoff\" loading=\"lazy\" decoding=\"async\"\/><\/a>\n                    <div class=\"team-tags\">\n                        <span class=\"team-tags--tag\"><\/span>\n                    <\/div>\n                    <a href=\"https:\/\/hfd.phee.dev\/en\/author\/stefanie-haas-kornhoff\/\" class=\"team-name\">Stefanie Haas-Kornhoff<\/a>\n\n                                            <section class=\"team-funktion\">\n                                                                Hochschulrektorenkonferenz, Referentin\/Community Managerin Hochschulforum Digitalisierung                                                         <\/section>\n                        \n                    <section class=\"team-social\">\n                                                    <a href=\"mailto:haas-kornhoff@hrk.de\" target=\"_blank\" class=\"team-social--email\"><i class=\"icon icon-mail blue\"><\/i><\/a>\n                                                        <a href=\"https:\/\/www.linkedin.com\/in\/stefanie-haas-kornhoff-436180110\/\" target=\"_blank\" class=\"team-social--linkedin\"><i class=\"icon icon-linkedin blue\"><\/i><\/a>\n                                                <\/section>\n                <\/section>\n                                <section class=\"team-section\">\n                    <a href=\"https:\/\/hfd.phee.dev\/en\/author\/uwe-reckzeh-stein\/\"><img class=\"team-img\" src=\"https:\/\/hfd.phee.dev\/wp-content\/uploads\/2023\/09\/UweReckzeh-Stein.png\" alt=\"UweReckzeh-Stein.PNG\" loading=\"lazy\" decoding=\"async\"\/><\/a>\n                    <div class=\"team-tags\">\n                        <span class=\"team-tags--tag\"><\/span>\n                    <\/div>\n                    <a href=\"https:\/\/hfd.phee.dev\/en\/author\/uwe-reckzeh-stein\/\" class=\"team-name\">Uwe Reckzeh-Stein<\/a>\n\n                                            <section class=\"team-funktion\">\n                                                                Hochschulrektorenkonferenz, HRK                                                        <\/section>\n                        \n                    <section class=\"team-social\">\n                                                    <a href=\"mailto:reckzeh@hrk.de\" target=\"_blank\" class=\"team-social--email\"><i class=\"icon icon-mail blue\"><\/i><\/a>\n                                                <\/section>\n                <\/section>\n                                <section class=\"team-section\">\n                    <a href=\"https:\/\/hfd.phee.dev\/en\/author\/antonia-dittmann\/\"><img class=\"team-img\" src=\"https:\/\/hfd.phee.dev\/wp-content\/uploads\/2023\/10\/Antonia_Dittmann_Hochschulforum-768x768.jpeg\" alt=\"Antonia_Dittmann_Hochschulforum\" loading=\"lazy\" decoding=\"async\"\/><\/a>\n                    <div class=\"team-tags\">\n                        <span class=\"team-tags--tag\"><\/span>\n                    <\/div>\n                    <a href=\"https:\/\/hfd.phee.dev\/en\/author\/antonia-dittmann\/\" class=\"team-name\">Antonia Dittmann<\/a>\n\n                                            <section class=\"team-funktion\">\n                                                                Stifterverband, Programmmanagerin                                                        <\/section>\n                        \n                    <section class=\"team-social\">\n                                                    <a href=\"mailto:antonia.dittmann@stifterverband.de\" target=\"_blank\" class=\"team-social--email\"><i class=\"icon icon-mail blue\"><\/i><\/a>\n                                                        <a href=\"www.linkedin.com\/in\/antonia-dittmann\" target=\"_blank\" class=\"team-social--linkedin\"><i class=\"icon icon-linkedin blue\"><\/i><\/a>\n                                                <\/section>\n                <\/section>\n                                <section class=\"team-section\">\n                    <a href=\"https:\/\/hfd.phee.dev\/en\/author\/estefania-velasquez\/\"><img class=\"team-img\" src=\"https:\/\/hfd.phee.dev\/wp-content\/uploads\/2023\/09\/Estefania-Velasquez-768x768.jpg\" alt=\"Estefania Velasquez\" loading=\"lazy\" decoding=\"async\"\/><\/a>\n                    <div class=\"team-tags\">\n                        <span class=\"team-tags--tag\"><\/span>\n                    <\/div>\n                    <a href=\"https:\/\/hfd.phee.dev\/en\/author\/estefania-velasquez\/\" class=\"team-name\">Estefania Velasquez<\/a>\n\n                                            <section class=\"team-funktion\">\n                                                                Hochschulrektorenkonferenz, Referentin                                                        <\/section>\n                        \n                    <section class=\"team-social\">\n                                                    <a href=\"mailto:velasquez@hrk.de\" target=\"_blank\" class=\"team-social--email\"><i class=\"icon icon-mail blue\"><\/i><\/a>\n                                                        <a href=\"https:\/\/www.linkedin.com\/in\/estefania-cepeda-velasquez-364727168\/\" target=\"_blank\" class=\"team-social--linkedin\"><i class=\"icon icon-linkedin blue\"><\/i><\/a>\n                                                <\/section>\n                <\/section>\n                                <section class=\"team-section\">\n                    <a href=\"https:\/\/hfd.phee.dev\/en\/author\/lavinia-ionica\/\"><img class=\"team-img\" src=\"https:\/\/hfd.phee.dev\/wp-content\/uploads\/2023\/10\/Ionica_Lavinia_2021_Damian-Gorczany_Stifterverband-768x768.jpg\" alt=\"Ionica_Lavinia_2021_Damian Gorczany_Stifterverband\" loading=\"lazy\" decoding=\"async\"\/><\/a>\n                    <div class=\"team-tags\">\n                        <span class=\"team-tags--tag\"><\/span>\n                    <\/div>\n                    <a href=\"https:\/\/hfd.phee.dev\/en\/author\/lavinia-ionica\/\" class=\"team-name\">Lavinia Ionica<\/a>\n\n                                            <section class=\"team-funktion\">\n                                                                Stifterverband, Programmmanagerin Qualifizierung                                                        <\/section>\n                        \n                    <section class=\"team-social\">\n                                                    <a href=\"mailto:lavinia.ionica@stifterverband.de\" target=\"_blank\" class=\"team-social--email\"><i class=\"icon icon-mail blue\"><\/i><\/a>\n                                                        <a href=\"https:\/\/www.linkedin.com\/in\/lavinia-ionica-08b4361a6\/\" target=\"_blank\" class=\"team-social--linkedin\"><i class=\"icon icon-linkedin blue\"><\/i><\/a>\n                                                <\/section>\n                <\/section>\n                        <\/article>\n    <\/article>\n\n    [\/vc_column][\/vc_row]<\/p>\n<\/section>","protected":false},"excerpt":{"rendered":"<p>[vc_row][vc_column][vc_column_text]In its networking offerings, the Hochschulforum Digitalisierung (HFD) brings together university members of all status groups to enable a Germany-wide exchange across disciplines, universities, and states, to jointly set impulses, and thus to jointly advance digital and innovative teaching.[\/vc_column_text][\/vc_column][\/vc_row][vc_row][vc_column][vc_single_image image=&#8221;1405&#8243; img_size=&#8221;full&#8221; alignment=&#8221;center&#8221;][\/vc_column][\/vc_row][vc_row][vc_column][vc_column_text]As the largest network for digitization in teaching and learning in Germany, the HFD [&hellip;]<\/p>\n","protected":false},"author":11,"featured_media":0,"parent":0,"menu_order":0,"comment_status":"closed","ping_status":"closed","template":"","meta":{"_acf_changed":false,"footnotes":""},"ppma_author":[71],"class_list":["post-12524","page","type-page","status-publish","hentry"],"acf":[],"yoast_head":"<!-- This site is optimized with the Yoast SEO plugin v23.4 - https:\/\/yoast.com\/wordpress\/plugins\/seo\/ -->\n<title>Networking - Hochschulforum Digitalisierung<\/title>\n<meta name=\"robots\" content=\"index, follow, max-snippet:-1, max-image-preview:large, max-video-preview:-1\" \/>\n<link rel=\"canonical\" href=\"https:\/\/hfd.phee.dev\/en\/networking\/\" \/>\n<meta property=\"og:locale\" content=\"en_GB\" \/>\n<meta property=\"og:type\" content=\"article\" \/>\n<meta property=\"og:title\" content=\"Networking - Hochschulforum Digitalisierung\" \/>\n<meta property=\"og:description\" content=\"[vc_row][vc_column][vc_column_text]In its networking offerings, the Hochschulforum Digitalisierung (HFD) brings together university members of all status groups to enable a Germany-wide exchange across disciplines, universities, and states, to jointly set impulses, and thus to jointly advance digital and innovative teaching.[\/vc_column_text][\/vc_column][\/vc_row][vc_row][vc_column][vc_single_image image=&#8221;1405&#8243; img_size=&#8221;full&#8221; alignment=&#8221;center&#8221;][\/vc_column][\/vc_row][vc_row][vc_column][vc_column_text]As the largest network for digitization in teaching and learning in Germany, the HFD [&hellip;]\" \/>\n<meta property=\"og:url\" content=\"https:\/\/hfd.phee.dev\/en\/networking\/\" \/>\n<meta property=\"og:site_name\" content=\"Hochschulforum Digitalisierung\" \/>\n<meta property=\"article:modified_time\" content=\"2023-10-16T14:05:23+00:00\" \/>\n<meta name=\"twitter:card\" content=\"summary_large_image\" \/>\n<meta name=\"twitter:label1\" content=\"Estimated reading time\" \/>\n\t<meta name=\"twitter:data1\" content=\"4 minutes\" \/>\n<script type=\"application\/ld+json\" class=\"yoast-schema-graph\">{\"@context\":\"https:\/\/schema.org\",\"@graph\":[{\"@type\":\"WebPage\",\"@id\":\"https:\/\/hfd.phee.dev\/en\/networking\/\",\"url\":\"https:\/\/hfd.phee.dev\/en\/networking\/\",\"name\":\"Networking - Hochschulforum Digitalisierung\",\"isPartOf\":{\"@id\":\"https:\/\/hfd.phee.dev\/en\/#website\"},\"datePublished\":\"2023-09-14T07:36:21+00:00\",\"dateModified\":\"2023-10-16T14:05:23+00:00\",\"breadcrumb\":{\"@id\":\"https:\/\/hfd.phee.dev\/en\/networking\/#breadcrumb\"},\"inLanguage\":\"en-GB\",\"potentialAction\":[{\"@type\":\"ReadAction\",\"target\":[\"https:\/\/hfd.phee.dev\/en\/networking\/\"]}]},{\"@type\":\"BreadcrumbList\",\"@id\":\"https:\/\/hfd.phee.dev\/en\/networking\/#breadcrumb\",\"itemListElement\":[{\"@type\":\"ListItem\",\"position\":1,\"name\":\"Home\",\"item\":\"https:\/\/hfd.phee.dev\/en\/\"},{\"@type\":\"ListItem\",\"position\":2,\"name\":\"Networking\"}]},{\"@type\":\"WebSite\",\"@id\":\"https:\/\/hfd.phee.dev\/en\/#website\",\"url\":\"https:\/\/hfd.phee.dev\/en\/\",\"name\":\"Hochschulforum Digitalisierung\",\"description\":\"\",\"publisher\":{\"@id\":\"https:\/\/hfd.phee.dev\/en\/#organization\"},\"potentialAction\":[{\"@type\":\"SearchAction\",\"target\":{\"@type\":\"EntryPoint\",\"urlTemplate\":\"https:\/\/hfd.phee.dev\/en\/?s={search_term_string}\"},\"query-input\":{\"@type\":\"PropertyValueSpecification\",\"valueRequired\":true,\"valueName\":\"search_term_string\"}}],\"inLanguage\":\"en-GB\"},{\"@type\":\"Organization\",\"@id\":\"https:\/\/hfd.phee.dev\/en\/#organization\",\"name\":\"Hochschulforum Digitalisierung\",\"url\":\"https:\/\/hfd.phee.dev\/en\/\",\"logo\":{\"@type\":\"ImageObject\",\"inLanguage\":\"en-GB\",\"@id\":\"https:\/\/hfd.phee.dev\/en\/#\/schema\/logo\/image\/\",\"url\":\"https:\/\/hfdwhdev.15.phee.host\/wp-content\/uploads\/2023\/02\/logo-hfd.png\",\"contentUrl\":\"https:\/\/hfdwhdev.15.phee.host\/wp-content\/uploads\/2023\/02\/logo-hfd.png\",\"width\":261,\"height\":300,\"caption\":\"Hochschulforum Digitalisierung\"},\"image\":{\"@id\":\"https:\/\/hfd.phee.dev\/en\/#\/schema\/logo\/image\/\"}}]}<\/script>\n<!-- \/ Yoast SEO plugin. -->","yoast_head_json":{"title":"Networking - Hochschulforum Digitalisierung","robots":{"index":"index","follow":"follow","max-snippet":"max-snippet:-1","max-image-preview":"max-image-preview:large","max-video-preview":"max-video-preview:-1"},"canonical":"https:\/\/hfd.phee.dev\/en\/networking\/","og_locale":"en_GB","og_type":"article","og_title":"Networking - Hochschulforum Digitalisierung","og_description":"[vc_row][vc_column][vc_column_text]In its networking offerings, the Hochschulforum Digitalisierung (HFD) brings together university members of all status groups to enable a Germany-wide exchange across disciplines, universities, and states, to jointly set impulses, and thus to jointly advance digital and innovative teaching.[\/vc_column_text][\/vc_column][\/vc_row][vc_row][vc_column][vc_single_image image=&#8221;1405&#8243; img_size=&#8221;full&#8221; alignment=&#8221;center&#8221;][\/vc_column][\/vc_row][vc_row][vc_column][vc_column_text]As the largest network for digitization in teaching and learning in Germany, the HFD [&hellip;]","og_url":"https:\/\/hfd.phee.dev\/en\/networking\/","og_site_name":"Hochschulforum Digitalisierung","article_modified_time":"2023-10-16T14:05:23+00:00","twitter_card":"summary_large_image","twitter_misc":{"Estimated reading time":"4 minutes"},"schema":{"@context":"https:\/\/schema.org","@graph":[{"@type":"WebPage","@id":"https:\/\/hfd.phee.dev\/en\/networking\/","url":"https:\/\/hfd.phee.dev\/en\/networking\/","name":"Networking - Hochschulforum Digitalisierung","isPartOf":{"@id":"https:\/\/hfd.phee.dev\/en\/#website"},"datePublished":"2023-09-14T07:36:21+00:00","dateModified":"2023-10-16T14:05:23+00:00","breadcrumb":{"@id":"https:\/\/hfd.phee.dev\/en\/networking\/#breadcrumb"},"inLanguage":"en-GB","potentialAction":[{"@type":"ReadAction","target":["https:\/\/hfd.phee.dev\/en\/networking\/"]}]},{"@type":"BreadcrumbList","@id":"https:\/\/hfd.phee.dev\/en\/networking\/#breadcrumb","itemListElement":[{"@type":"ListItem","position":1,"name":"Home","item":"https:\/\/hfd.phee.dev\/en\/"},{"@type":"ListItem","position":2,"name":"Networking"}]},{"@type":"WebSite","@id":"https:\/\/hfd.phee.dev\/en\/#website","url":"https:\/\/hfd.phee.dev\/en\/","name":"Hochschulforum Digitalisierung","description":"","publisher":{"@id":"https:\/\/hfd.phee.dev\/en\/#organization"},"potentialAction":[{"@type":"SearchAction","target":{"@type":"EntryPoint","urlTemplate":"https:\/\/hfd.phee.dev\/en\/?s={search_term_string}"},"query-input":{"@type":"PropertyValueSpecification","valueRequired":true,"valueName":"search_term_string"}}],"inLanguage":"en-GB"},{"@type":"Organization","@id":"https:\/\/hfd.phee.dev\/en\/#organization","name":"Hochschulforum Digitalisierung","url":"https:\/\/hfd.phee.dev\/en\/","logo":{"@type":"ImageObject","inLanguage":"en-GB","@id":"https:\/\/hfd.phee.dev\/en\/#\/schema\/logo\/image\/","url":"https:\/\/hfdwhdev.15.phee.host\/wp-content\/uploads\/2023\/02\/logo-hfd.png","contentUrl":"https:\/\/hfdwhdev.15.phee.host\/wp-content\/uploads\/2023\/02\/logo-hfd.png","width":261,"height":300,"caption":"Hochschulforum Digitalisierung"},"image":{"@id":"https:\/\/hfd.phee.dev\/en\/#\/schema\/logo\/image\/"}}]}},"_links":{"self":[{"href":"https:\/\/hfd.phee.dev\/en\/wp-json\/wp\/v2\/pages\/12524","targetHints":{"allow":["GET"]}}],"collection":[{"href":"https:\/\/hfd.phee.dev\/en\/wp-json\/wp\/v2\/pages"}],"about":[{"href":"https:\/\/hfd.phee.dev\/en\/wp-json\/wp\/v2\/types\/page"}],"author":[{"embeddable":true,"href":"https:\/\/hfd.phee.dev\/en\/wp-json\/wp\/v2\/users\/11"}],"replies":[{"embeddable":true,"href":"https:\/\/hfd.phee.dev\/en\/wp-json\/wp\/v2\/comments?post=12524"}],"version-history":[{"count":7,"href":"https:\/\/hfd.phee.dev\/en\/wp-json\/wp\/v2\/pages\/12524\/revisions"}],"predecessor-version":[{"id":13526,"href":"https:\/\/hfd.phee.dev\/en\/wp-json\/wp\/v2\/pages\/12524\/revisions\/13526"}],"wp:attachment":[{"href":"https:\/\/hfd.phee.dev\/en\/wp-json\/wp\/v2\/media?parent=12524"}],"wp:term":[{"taxonomy":"author","embeddable":true,"href":"https:\/\/hfd.phee.dev\/en\/wp-json\/wp\/v2\/ppma_author?post=12524"}],"curies":[{"name":"wp","href":"https:\/\/api.w.org\/{rel}","templated":true}]}}