{"id":12431,"date":"2023-06-16T13:32:32","date_gmt":"2023-06-16T13:32:32","guid":{"rendered":"https:\/\/hfdwhdev.15.phee.host\/digital-accessibility-working-group\/"},"modified":"2023-10-16T12:49:03","modified_gmt":"2023-10-16T12:49:03","slug":"digital-accessibility-working-group","status":"publish","type":"page","link":"https:\/\/hfd.phee.dev\/en\/digital-accessibility-working-group\/","title":{"rendered":"Digital Accessibility Working Group"},"content":{"rendered":"<section class=\"wpb-content-wrapper\"><p>[vc_row][vc_column][vc_column_text]The Digital Accessibility WG is located at the Hochschulforum Digitalisierung (HFD) in the Innovation Hub and is an important component of the Digital Participation work area. The WG members are proven experts in the field of digital accessibility and have set themselves the goal of developing measures and tools that promote digital accessibility in teaching and learning and strengthen its structural anchoring at universities.[\/vc_column_text]\n    <section class=\"pn-image-container \">\n        <img decoding=\"async\" src=\"https:\/\/hfd.phee.dev\/wp-content\/uploads\/2023\/08\/AG-DIGITAL-ACCESSIBILITY.png\" alt=\"Titelbild: \"AG DIGITAL ACCESSIBILITY\". Untertitel: \"Think-Tank zur St\u00e4rkung digitaler Barrierefreiheit in Studium und Lehre\"\"\/>\n            <\/section>\n\n    [\/vc_column][\/vc_row][vc_row][vc_column]<div class=\"pn-headline-container  \n                        size-h2  \n                        font-weight-  \n                        text-transform-  \n                        color-  \n                        alignment-left\n                        icon-false\n                        h1\">\n                \n                <h2 id=\"\" class=\"inner-headline pn-headline\">Background<\/h2>\n            <\/div>[vc_column_text]<span style=\"font-weight: 400;\">EU Directive 2016\/2102 requires universities to make their digital offerings accessible. At federal and state level, the directive is implemented by the Barrier-Free Information Technology Ordinance (BITV 2.0). This applies to web presences and mobile applications as well as digital administrative processes and software. At universities, campus and teaching\/learning management systems and intranet applications are added to the mix. Furthermore, the barrier-free preparation of teaching materials as well as the methodological-didactic design of (teaching) events is of particular relevance in order to offer not only students and employees with physical disabilities, but all university members an inclusive and enriching working, teaching and research environment.<\/span>[\/vc_column_text][\/vc_column][\/vc_row][vc_row][vc_column]<div class=\"pn-headline-container  \n                        size-h2  \n                        font-weight-  \n                        text-transform-  \n                        color-  \n                        alignment-left\n                        icon-false\n                        h1\">\n                \n                <h2 id=\"\" class=\"inner-headline pn-headline\">Targets<\/h2>\n            <\/div>[vc_column_text]<span style=\"font-weight: 400;\">The goals of the Digital Accessibility WG are to make university administrations even more aware of the comprehensive and holistic implementation of digital accessibility and to provide them with information and consulting formats for this purpose. For this purpose, the Working Group develops<\/span><\/p>\n<ul>\n<li style=\"font-weight: 400;\" aria-level=\"1\"><span style=\"font-weight: 400;\">Information and strategy workshops for university managements and university politics<\/span><\/li>\n<li style=\"font-weight: 400;\" aria-level=\"1\"><span style=\"font-weight: 400;\">A working paper that provides information and assistance to those responsible at universities on how digital accessibility can be strategically anchored and implemented.<\/span><\/li>\n<\/ul>\n<p><span style=\"font-weight: 400;\">The aim is not only to ensure compliance with the legal framework, but also to highlight the added value of barrier-free offerings for all university members.<\/span>[\/vc_column_text][\/vc_column][\/vc_row][vc_row][vc_column]\n    <div class=\"pn-linkbox-section\">\n        <div class=\"linkbox-wrap\">\n            <h3 class=\"linkbox-main-title\">Publications to date:<\/h3>                            <a href=\"https:\/\/hfdwhdev.15.phee.host\/linksammlung-digital-accessibility\/\" target=\"\" class=\"linkbox-item\">\n                    Link collection                <\/a>\n                                <a href=\"https:\/\/hfdwhdev.15.phee.host\/wp-content\/uploads\/2023\/09\/HFD_AP_66_Leitfaden_Digitale_Barrierefreiheit.pdf\" target=\"\" class=\"linkbox-item\">\n                    Guidelines                <\/a>\n                                <a href=\"\" target=\"\" class=\"linkbox-item\">\n                    Diversity and Accessibility Dossier                <\/a>\n                        <\/div>\n    <\/div>\n\n    [\/vc_column][\/vc_row][vc_row][vc_column]<div class=\"pn-headline-container  \n                        size-h2  \n                        font-weight-  \n                        text-transform-  \n                        color-  \n                        alignment-left\n                        icon-false\n                        h1\">\n                \n                <h2 id=\"\" class=\"inner-headline pn-headline\">Past events:<\/h2>\n            <\/div>[vc_column_text]<\/p>\n<ul>\n<li style=\"font-weight: 400;\" aria-level=\"1\"><span style=\"font-weight: 400;\">Strategy workshop &#8220;Digital Accessibility in the Higher Education Context&#8221; with university leaders on November 15, 2022 in Jena and February 07, 2023, digital.<\/span><\/li>\n<li style=\"font-weight: 400;\" aria-level=\"1\"><span style=\"font-weight: 400;\">\u201cDigitale Barrierefreiheit im Hochschulkontext\u201d information session with higher education policy representatives on February 28, 2023, digital; <a href=\"http:\/\/hochschulforumdigitalisierung.de\/sites\/default\/files\/dateien\/Nachbericht%20Politik-Workshop_210823.docx_.pdf\" target=\"_blank\" rel=\"noopener\">HS policy workshop follow-up report<\/a>; <a href=\"http:\/\/hochschulforumdigitalisierung.de\/sites\/default\/files\/dateien\/Praesentation_HS_Politik_280223.pdf\" target=\"_blank\" rel=\"noopener\">&#8220;Digitale Barrierefreiheit im Hochschulkontext&#8221; presentation<\/a>.<\/span><\/li>\n<li style=\"font-weight: 400;\" aria-level=\"1\">Micro training &#8220;Digi[Snack]Bar on Digital Accessibility on 03-12 May 2022: <a href=\"https:\/\/hochschulforumdigitalisierung.de\/de\/blog\/digisnackbar-mikro-fortbildung-zu-digitaler-barrierefreiheit\">Digi[Snack]Bar: Micro training on Digital Accessibility<\/a>.<\/li>\n<\/ul>\n<p>[\/vc_column_text][\/vc_column][\/vc_row][vc_row][vc_column]\n    <div class=\"pn-linkbox-section\">\n        <div class=\"linkbox-wrap\">\n            <h3 class=\"linkbox-main-title\">Recommended links:<\/h3>                            <a href=\"https:\/\/handreichungen.bfit-bund.de\/bf-dokumente-lernkontext\/\" target=\"\" class=\"linkbox-item\">\n                    Barrierefreie Dokumente in Lernkontexten - Eine Handreichung                <\/a>\n                                <a href=\"https:\/\/handreichungen.bfit-bund.de\/bf-dokumente-lernkontext\/1.2\/pdf\/handreichung.pdf\" target=\"\" class=\"linkbox-item\">\n                    Barrierefreie Dokumente in Lernkontexten - Eine Handreichung (PDF)                <\/a>\n                        <\/div>\n    <\/div>\n\n    [vc_empty_space][\/vc_column][\/vc_row][vc_row][vc_column][vc_video link=&#8221;https:\/\/www.youtube.com\/watch?v=d98yYRK-R2U&#8221; title=&#8221;Interview mit Monica Gross zur AG Digitale Barrierefreiheit &#8211; U:FF 2023&#8243;][\/vc_column][\/vc_row][vc_row][vc_column]\n    <div class=\"pn-members-section\">\n        <div class=\"members-wrap\">\n            <h2 class=\"members-main-title\">AG-Mitglieder Digital Accessibility:<\/h2>            <div class=\"members-inner\">\n                                    <div class=\"member-item\">\n                        <img decoding=\"async\" src=\"https:\/\/hfd.phee.dev\/wp-content\/uploads\/2023\/08\/2023_Gross.jpg\" class=\"member\" alt=\"Portrait von Prof. Dr. rer. nat. Monika Gross\"\/>                        <h4>AG-Vorsitzende Prof. Dr. rer. nat. Monika Gross<\/h4>\n                        <p>Professorin f\u00fcr Zell- und Molekularbiologie; Berliner Hochschule f\u00fcr Technik<\/p>\n                    <\/div>\n                                        <div class=\"member-item\">\n                        <img decoding=\"async\" src=\"https:\/\/hfd.phee.dev\/wp-content\/uploads\/2023\/09\/Bender-Portrait.jpg\" class=\"member\" alt=\"Bender Portrait\"\/>                        <h4>Dr. Carsten Bender<\/h4>\n                        <p>TU Dortmund\/Zentrum f\u00fcr Hochschulbildung (zhb), Leiter Bereich Behinderung und Studium (DoBus)<\/p>\n                    <\/div>\n                                        <div class=\"member-item\">\n                        <img decoding=\"async\" src=\"https:\/\/hfd.phee.dev\/wp-content\/uploads\/2023\/08\/Foto_Stefanie-Dreiack_c_Elisabeth-Stiebritz.jpg\" class=\"member\" alt=\"Portrait von Stefanie Dreieck\"\/>                        <h4>Dr. Stefanie Dreiack<\/h4>\n                        <p>Koordinierungsstelle Chancengleichheit Sachsen, Koordinatorin f\u00fcr Inklusion<\/p>\n                    <\/div>\n                                        <div class=\"member-item\">\n                        <img decoding=\"async\" src=\"https:\/\/hfd.phee.dev\/wp-content\/uploads\/2023\/08\/Victoria_Engels.jpeg\" class=\"member\" alt=\"Portrait von Victoria Engels\"\/>                        <h4>Victoria Engels<\/h4>\n                        <p>Studentin und Mitglied des Studierendenrats der Universit\u00e4t Heidelberg sowie der AG Barrierefreiheit<\/p>\n                    <\/div>\n                                        <div class=\"member-item\">\n                        <img decoding=\"async\" src=\"https:\/\/hfd.phee.dev\/wp-content\/uploads\/2023\/08\/Bjoern_Fisseler_HW_0097.jpg\" class=\"member\" alt=\"Portrait von Bj\u00f6rn Fisseler\"\/>                        <h4>Dr. Bj\u00f6rn Fisseler<\/h4>\n                        <p>FernUniversit\u00e4t Hagen, Dekanat der Fakult\u00e4t f\u00fcr Psychologie, Wissenschaftlicher Mitarbeiter, Fachmediendidaktik<\/p>\n                    <\/div>\n                                        <div class=\"member-item\">\n                        <img decoding=\"async\" src=\"https:\/\/hfd.phee.dev\/wp-content\/uploads\/2023\/09\/Kaffenberger.jpg\" class=\"member\" alt=\"Kaffenberger\"\/>                        <h4>Jens Kaffenberger<\/h4>\n                        <p>Deutsches Studierendenwerk, Referatsleiter Informations- und Beratungsstelle Studium und Behinderung (IBS)<\/p>\n                    <\/div>\n                                        <div class=\"member-item\">\n                        <img decoding=\"async\" src=\"https:\/\/hfd.phee.dev\/wp-content\/uploads\/2023\/09\/Kostaedt_01.jpg\" class=\"member\" alt=\"Portrait von Kost\u00e4dt\"\/>                        <h4>Dr. Peter Kost\u00e4dt<\/h4>\n                        <p>Universit\u00e4t Potsdam, Chief Information Officer, Mitglied Steuerungsgruppe Digitale Barrierefreiheit<\/p>\n                    <\/div>\n                                        <div class=\"member-item\">\n                        <img decoding=\"async\" src=\"https:\/\/hfd.phee.dev\/wp-content\/uploads\/2023\/08\/Meyer-zu-Bexten_07_380x560.jpg\" class=\"member\" alt=\"Portrait von MAyer zu Bexten\"\/>                        <h4>Prof. Dr. Erdmuthe Meyer zu Bexten<\/h4>\n                        <p>Hessisches Ministerium f\u00fcr Soziales und Integration\/Regierungspr\u00e4sidium Gie\u00dfen, Landesbeauftragte f\u00fcr barrierefreie IT, Leiterin Landeskompetenzzentrum f\u00fcr barrierefreie IT und der Durchsetzungs- und \u00dcberwachungsstelle barrierefreie IT (LBIT)<\/p>\n                    <\/div>\n                                        <div class=\"member-item\">\n                        <img decoding=\"async\" src=\"https:\/\/hfd.phee.dev\/wp-content\/uploads\/2023\/09\/Design-ohne-Titel.png\" class=\"member\" alt=\"Genderneutraler Avatar\"\/>                        <h4>Linda Rustemeier<\/h4>\n                        <p>Goethe-Universit\u00e4t Frankfurt\/HessenHub (ehemals digLL Hessen) Mitarbeiterin in der Medienproduktion und - didaktik und im Innovationsforum Barrierefreiheit (HessenHub), Tutor:innenqualifizierung, promovierend zu Serious Games<\/p>\n                    <\/div>\n                                        <div class=\"member-item\">\n                        <img decoding=\"async\" src=\"https:\/\/hfd.phee.dev\/wp-content\/uploads\/2023\/08\/Thorsten-Schwarz-KIT.jpg\" class=\"member\" alt=\"Portrait von Thorsten Schwarz\"\/>                        <h4>Dr. Thorsten Schwarz<\/h4>\n                        <p>Karlsruher Institut f\u00fcr Technologie (KIT), Mitarbeiter Studienzentrum f\u00fcr Sehgesch\u00e4digte, Leiter Barrierefreie Literaturaufbereitung, Leiter Accessibility Lab des KIT<\/p>\n                    <\/div>\n                                        <div class=\"member-item\">\n                        <img decoding=\"async\" src=\"https:\/\/hfd.phee.dev\/wp-content\/uploads\/2023\/09\/Design-ohne-Titel.png\" class=\"member\" alt=\"Genderneutraler Avatar\"\/>                        <h4>Prof. Dr. Benjamin Tannert<\/h4>\n                        <p>Hochschule Bremen, Professor f\u00fcr angewandte Medieninformatik, Leitung des Instituts f\u00fcr Digitale Teilhabe<\/p>\n                    <\/div>\n                                        <div class=\"member-item\">\n                        <img decoding=\"async\" src=\"https:\/\/hfd.phee.dev\/wp-content\/uploads\/2023\/09\/Design-ohne-Titel.png\" class=\"member\" alt=\"Genderneutraler Avatar\"\/>                        <h4> Prof. Dr. rer.nat. habil. Gerhard Weber<\/h4>\n                        <p>TU Dresden, Professor f\u00fcr Mensch-Computer-Interaktion, Beauftragter f\u00fcr Studierende mit Behinderung und chronische Erkrankung<\/p>\n                    <\/div>\n                                        <div class=\"member-item\">\n                        <img decoding=\"async\" src=\"https:\/\/hfd.phee.dev\/wp-content\/uploads\/2023\/08\/Gottfried-Zimmermann-7142.portrait.jpg\" class=\"member\" alt=\"Portrait von Gottfried Zimmermann\"\/>                        <h4> Prof. Dr. Gottfried Zimmermann<\/h4>\n                        <p>Forschung, Lehre und Standardisierung in allen Bereichen der digitalen Barrierefreiheit<\/p>\n                    <\/div>\n                                <\/div>\n        <\/div>\n    <\/div>\n\n    [\/vc_column][\/vc_row][vc_row][vc_column]\n    <article class=\"pn-team-container module \">\n                    <h3 class=\"team-module-title\">Contact:<\/h3>\n                    <article class=\"pn-team-container-inner cols-3\">\n                            <section class=\"team-section\">\n                    <a href=\"https:\/\/hfd.phee.dev\/en\/author\/luisa-gregory\/\"><img class=\"team-img\" src=\"https:\/\/hfd.phee.dev\/wp-content\/uploads\/2023\/09\/Luisa-Gregory-768x768.jpg\" alt=\"Luisa Gregory\" loading=\"lazy\" decoding=\"async\"\/><\/a>\n                    <div class=\"team-tags\">\n                        <span class=\"team-tags--tag\"><\/span>\n                    <\/div>\n                    <a href=\"https:\/\/hfd.phee.dev\/en\/author\/luisa-gregory\/\" class=\"team-name\">Luisa Gregory<\/a>\n\n                                            <section class=\"team-funktion\">\n                                                                Hochschulrektorenkonferenz, Referentin                                                        <\/section>\n                        \n                    <section class=\"team-social\">\n                                                    <a href=\"mailto:gregory@hrk.de\" target=\"_blank\" class=\"team-social--email\"><i class=\"icon icon-mail blue\"><\/i><\/a>\n                                                <\/section>\n                <\/section>\n                                <section class=\"team-section\">\n                    <a href=\"https:\/\/hfd.phee.dev\/en\/author\/estefania-velasquez\/\"><img class=\"team-img\" src=\"https:\/\/hfd.phee.dev\/wp-content\/uploads\/2023\/09\/Estefania-Velasquez-768x768.jpg\" alt=\"Estefania Velasquez\" loading=\"lazy\" decoding=\"async\"\/><\/a>\n                    <div class=\"team-tags\">\n                        <span class=\"team-tags--tag\"><\/span>\n                    <\/div>\n                    <a href=\"https:\/\/hfd.phee.dev\/en\/author\/estefania-velasquez\/\" class=\"team-name\">Estefania Velasquez<\/a>\n\n                                            <section class=\"team-funktion\">\n                                                                Hochschulrektorenkonferenz, Referentin                                                        <\/section>\n                        \n                    <section class=\"team-social\">\n                                                    <a href=\"mailto:velasquez@hrk.de\" target=\"_blank\" class=\"team-social--email\"><i class=\"icon icon-mail blue\"><\/i><\/a>\n                                                        <a href=\"https:\/\/www.linkedin.com\/in\/estefania-cepeda-velasquez-364727168\/\" target=\"_blank\" class=\"team-social--linkedin\"><i class=\"icon icon-linkedin blue\"><\/i><\/a>\n                                                <\/section>\n                <\/section>\n                        <\/article>\n    <\/article>\n\n    [\/vc_column][\/vc_row]<\/p>\n<\/section>","protected":false},"excerpt":{"rendered":"<p>[vc_row][vc_column][vc_column_text]The Digital Accessibility WG is located at the Hochschulforum Digitalisierung (HFD) in the Innovation Hub and is an important component of the Digital Participation work area. The WG members are proven experts in the field of digital accessibility and have set themselves the goal of developing measures and tools that promote digital accessibility in teaching [&hellip;]<\/p>\n","protected":false},"author":1,"featured_media":0,"parent":0,"menu_order":31,"comment_status":"closed","ping_status":"closed","template":"","meta":{"_acf_changed":false,"footnotes":""},"ppma_author":[67],"class_list":["post-12431","page","type-page","status-publish","hentry"],"acf":[],"yoast_head":"<!-- This site is optimized with the Yoast SEO plugin v23.4 - https:\/\/yoast.com\/wordpress\/plugins\/seo\/ -->\n<title>Digital Accessibility Working Group - Hochschulforum Digitalisierung<\/title>\n<meta name=\"description\" content=\"The Digital Accessibility WG is an important component of the Digital Participation work area at the Hochschulforum Digitalisierung (HFD).\" \/>\n<meta name=\"robots\" content=\"index, follow, max-snippet:-1, max-image-preview:large, max-video-preview:-1\" \/>\n<link rel=\"canonical\" href=\"https:\/\/hfd.phee.dev\/en\/digital-accessibility-working-group\/\" \/>\n<meta property=\"og:locale\" content=\"en_GB\" \/>\n<meta property=\"og:type\" content=\"article\" \/>\n<meta property=\"og:title\" content=\"Digital Accessibility Working Group - Hochschulforum Digitalisierung\" \/>\n<meta property=\"og:description\" content=\"The Digital Accessibility WG is an important component of the Digital Participation work area at the Hochschulforum Digitalisierung (HFD).\" \/>\n<meta property=\"og:url\" content=\"https:\/\/hfd.phee.dev\/en\/digital-accessibility-working-group\/\" \/>\n<meta property=\"og:site_name\" content=\"Hochschulforum Digitalisierung\" \/>\n<meta property=\"article:modified_time\" content=\"2023-10-16T12:49:03+00:00\" \/>\n<meta name=\"twitter:card\" content=\"summary_large_image\" \/>\n<meta name=\"twitter:label1\" content=\"Estimated reading time\" \/>\n\t<meta name=\"twitter:data1\" content=\"3 minutes\" \/>\n<script type=\"application\/ld+json\" class=\"yoast-schema-graph\">{\"@context\":\"https:\/\/schema.org\",\"@graph\":[{\"@type\":\"WebPage\",\"@id\":\"https:\/\/hfd.phee.dev\/en\/digital-accessibility-working-group\/\",\"url\":\"https:\/\/hfd.phee.dev\/en\/digital-accessibility-working-group\/\",\"name\":\"Digital Accessibility Working Group - Hochschulforum Digitalisierung\",\"isPartOf\":{\"@id\":\"https:\/\/hfd.phee.dev\/en\/#website\"},\"datePublished\":\"2023-06-16T13:32:32+00:00\",\"dateModified\":\"2023-10-16T12:49:03+00:00\",\"description\":\"The Digital Accessibility WG is an important component of the Digital Participation work area at the Hochschulforum Digitalisierung (HFD).\",\"breadcrumb\":{\"@id\":\"https:\/\/hfd.phee.dev\/en\/digital-accessibility-working-group\/#breadcrumb\"},\"inLanguage\":\"en-GB\",\"potentialAction\":[{\"@type\":\"ReadAction\",\"target\":[\"https:\/\/hfd.phee.dev\/en\/digital-accessibility-working-group\/\"]}]},{\"@type\":\"BreadcrumbList\",\"@id\":\"https:\/\/hfd.phee.dev\/en\/digital-accessibility-working-group\/#breadcrumb\",\"itemListElement\":[{\"@type\":\"ListItem\",\"position\":1,\"name\":\"Home\",\"item\":\"https:\/\/hfd.phee.dev\/en\/\"},{\"@type\":\"ListItem\",\"position\":2,\"name\":\"Digital Accessibility Working Group\"}]},{\"@type\":\"WebSite\",\"@id\":\"https:\/\/hfd.phee.dev\/en\/#website\",\"url\":\"https:\/\/hfd.phee.dev\/en\/\",\"name\":\"Hochschulforum Digitalisierung\",\"description\":\"\",\"publisher\":{\"@id\":\"https:\/\/hfd.phee.dev\/en\/#organization\"},\"potentialAction\":[{\"@type\":\"SearchAction\",\"target\":{\"@type\":\"EntryPoint\",\"urlTemplate\":\"https:\/\/hfd.phee.dev\/en\/?s={search_term_string}\"},\"query-input\":{\"@type\":\"PropertyValueSpecification\",\"valueRequired\":true,\"valueName\":\"search_term_string\"}}],\"inLanguage\":\"en-GB\"},{\"@type\":\"Organization\",\"@id\":\"https:\/\/hfd.phee.dev\/en\/#organization\",\"name\":\"Hochschulforum Digitalisierung\",\"url\":\"https:\/\/hfd.phee.dev\/en\/\",\"logo\":{\"@type\":\"ImageObject\",\"inLanguage\":\"en-GB\",\"@id\":\"https:\/\/hfd.phee.dev\/en\/#\/schema\/logo\/image\/\",\"url\":\"https:\/\/hfdwhdev.15.phee.host\/wp-content\/uploads\/2023\/02\/logo-hfd.png\",\"contentUrl\":\"https:\/\/hfdwhdev.15.phee.host\/wp-content\/uploads\/2023\/02\/logo-hfd.png\",\"width\":261,\"height\":300,\"caption\":\"Hochschulforum Digitalisierung\"},\"image\":{\"@id\":\"https:\/\/hfd.phee.dev\/en\/#\/schema\/logo\/image\/\"}}]}<\/script>\n<!-- \/ Yoast SEO plugin. -->","yoast_head_json":{"title":"Digital Accessibility Working Group - Hochschulforum Digitalisierung","description":"The Digital Accessibility WG is an important component of the Digital Participation work area at the Hochschulforum Digitalisierung (HFD).","robots":{"index":"index","follow":"follow","max-snippet":"max-snippet:-1","max-image-preview":"max-image-preview:large","max-video-preview":"max-video-preview:-1"},"canonical":"https:\/\/hfd.phee.dev\/en\/digital-accessibility-working-group\/","og_locale":"en_GB","og_type":"article","og_title":"Digital Accessibility Working Group - Hochschulforum Digitalisierung","og_description":"The Digital Accessibility WG is an important component of the Digital Participation work area at the Hochschulforum Digitalisierung (HFD).","og_url":"https:\/\/hfd.phee.dev\/en\/digital-accessibility-working-group\/","og_site_name":"Hochschulforum Digitalisierung","article_modified_time":"2023-10-16T12:49:03+00:00","twitter_card":"summary_large_image","twitter_misc":{"Estimated reading time":"3 minutes"},"schema":{"@context":"https:\/\/schema.org","@graph":[{"@type":"WebPage","@id":"https:\/\/hfd.phee.dev\/en\/digital-accessibility-working-group\/","url":"https:\/\/hfd.phee.dev\/en\/digital-accessibility-working-group\/","name":"Digital Accessibility Working Group - Hochschulforum Digitalisierung","isPartOf":{"@id":"https:\/\/hfd.phee.dev\/en\/#website"},"datePublished":"2023-06-16T13:32:32+00:00","dateModified":"2023-10-16T12:49:03+00:00","description":"The Digital Accessibility WG is an important component of the Digital Participation work area at the Hochschulforum Digitalisierung (HFD).","breadcrumb":{"@id":"https:\/\/hfd.phee.dev\/en\/digital-accessibility-working-group\/#breadcrumb"},"inLanguage":"en-GB","potentialAction":[{"@type":"ReadAction","target":["https:\/\/hfd.phee.dev\/en\/digital-accessibility-working-group\/"]}]},{"@type":"BreadcrumbList","@id":"https:\/\/hfd.phee.dev\/en\/digital-accessibility-working-group\/#breadcrumb","itemListElement":[{"@type":"ListItem","position":1,"name":"Home","item":"https:\/\/hfd.phee.dev\/en\/"},{"@type":"ListItem","position":2,"name":"Digital Accessibility Working Group"}]},{"@type":"WebSite","@id":"https:\/\/hfd.phee.dev\/en\/#website","url":"https:\/\/hfd.phee.dev\/en\/","name":"Hochschulforum Digitalisierung","description":"","publisher":{"@id":"https:\/\/hfd.phee.dev\/en\/#organization"},"potentialAction":[{"@type":"SearchAction","target":{"@type":"EntryPoint","urlTemplate":"https:\/\/hfd.phee.dev\/en\/?s={search_term_string}"},"query-input":{"@type":"PropertyValueSpecification","valueRequired":true,"valueName":"search_term_string"}}],"inLanguage":"en-GB"},{"@type":"Organization","@id":"https:\/\/hfd.phee.dev\/en\/#organization","name":"Hochschulforum Digitalisierung","url":"https:\/\/hfd.phee.dev\/en\/","logo":{"@type":"ImageObject","inLanguage":"en-GB","@id":"https:\/\/hfd.phee.dev\/en\/#\/schema\/logo\/image\/","url":"https:\/\/hfdwhdev.15.phee.host\/wp-content\/uploads\/2023\/02\/logo-hfd.png","contentUrl":"https:\/\/hfdwhdev.15.phee.host\/wp-content\/uploads\/2023\/02\/logo-hfd.png","width":261,"height":300,"caption":"Hochschulforum Digitalisierung"},"image":{"@id":"https:\/\/hfd.phee.dev\/en\/#\/schema\/logo\/image\/"}}]}},"_links":{"self":[{"href":"https:\/\/hfd.phee.dev\/en\/wp-json\/wp\/v2\/pages\/12431","targetHints":{"allow":["GET"]}}],"collection":[{"href":"https:\/\/hfd.phee.dev\/en\/wp-json\/wp\/v2\/pages"}],"about":[{"href":"https:\/\/hfd.phee.dev\/en\/wp-json\/wp\/v2\/types\/page"}],"author":[{"embeddable":true,"href":"https:\/\/hfd.phee.dev\/en\/wp-json\/wp\/v2\/users\/1"}],"replies":[{"embeddable":true,"href":"https:\/\/hfd.phee.dev\/en\/wp-json\/wp\/v2\/comments?post=12431"}],"version-history":[{"count":17,"href":"https:\/\/hfd.phee.dev\/en\/wp-json\/wp\/v2\/pages\/12431\/revisions"}],"predecessor-version":[{"id":13540,"href":"https:\/\/hfd.phee.dev\/en\/wp-json\/wp\/v2\/pages\/12431\/revisions\/13540"}],"wp:attachment":[{"href":"https:\/\/hfd.phee.dev\/en\/wp-json\/wp\/v2\/media?parent=12431"}],"wp:term":[{"taxonomy":"author","embeddable":true,"href":"https:\/\/hfd.phee.dev\/en\/wp-json\/wp\/v2\/ppma_author?post=12431"}],"curies":[{"name":"wp","href":"https:\/\/api.w.org\/{rel}","templated":true}]}}