{"id":12109,"date":"2023-09-14T07:31:50","date_gmt":"2023-09-14T07:31:50","guid":{"rendered":"https:\/\/hfdwhdev.15.phee.host\/delegationsreisen\/"},"modified":"2023-10-16T11:47:01","modified_gmt":"2023-10-16T11:47:01","slug":"delegationsreisen","status":"publish","type":"page","link":"https:\/\/hfd.phee.dev\/en\/delegationsreisen\/","title":{"rendered":"Delegationsreisen"},"content":{"rendered":"<section class=\"wpb-content-wrapper\"><p>[vc_row][vc_column][vc_column_text]<b>What do innovative approaches and effective solutions for the further development of digital learning and teaching look like, and what are success factors?<\/b> <b>Since May 22, 5 selected delegation teams are in their detailed planning to spend the next six months abroad to gather information, network with international partners, and share good practices in Germany. <\/b>[\/vc_column_text][\/vc_column][\/vc_row][vc_row][vc_column][vc_single_image image=&#8221;11835&#8243; img_size=&#8221;full&#8221; alignment=&#8221;center&#8221;][\/vc_column][\/vc_row][vc_row][vc_column][vc_column_text]With the advertised funding of 1000 euros per delegation member, the task was to apply with a topic strategically relevant to German higher education and a convincing overall concept. Destinations and time periods were to be chosen freely, and the team was to be as diverse as possible and suitable in terms of expertise.<\/p>\n<p><span style=\"font-weight: 400\">After a close race for the 5 available places, the following topics will be discussed at <\/span><b>European universities<\/b><span style=\"font-weight: 400\"> will be investigated during the delegation trips:<\/span><\/p>\n<p>[\/vc_column_text][\/vc_column][\/vc_row][vc_row][vc_column][vc_column_text]<\/p>\n<ul>\n<li><span style=\"font-weight: 400\"><strong>Netherlands<\/strong>, including Utrecht University, University of Rotterdam, on the topic:<\/span><i><span style=\"font-weight: 400\">New learning spaces in new building on campus<\/span><\/i><\/li>\n<li><span style=\"font-weight: 400\"><strong>Austria<\/strong>, Graz University of Technology, on the topic:<\/span><i><span style=\"font-weight: 400\">Future Skills and Teaching Competence for the Digital Transformation in Higher Education.<\/span><\/i><\/li>\n<li><span style=\"font-weight: 400\"><strong>Israel<\/strong>, Gordon Academic College (GACE), on the topic:<\/span><i><span style=\"font-weight: 400\">Hybrid International Teaching &amp; Learning &#8211; HILL<\/span><\/i><\/li>\n<li><span style=\"font-weight: 400\"><strong>Netherlands<\/strong>, Delft University of Technology on the topic:<\/span><i><span style=\"font-weight: 400\">Open-Educational-Resources-Ambassadors<\/span><\/i><\/li>\n<li><span style=\"font-weight: 400\"><strong>England<\/strong>, Imperial College London and University of Brighton, on the topic:<\/span><i><span style=\"font-weight: 400\">Students-as-partners approach (Anglo-Saxon approach).<\/span><\/i><\/li>\n<\/ul>\n<p>[\/vc_column_text][\/vc_column][\/vc_row][vc_row][vc_column][vc_column_text]<span style=\"font-weight: 400\">Representatives from the following German universities will participate in the trips:<\/span> <span style=\"font-weight: 400\">Evangelische Hochschule Dresden; TU Hamburg; HCU Hamburg; International University (IU); HTW Saar; SRH Heidelberg; Ruhr-Universit\u00e4t Bochum, ORCA; Virtueller Campus Rheinland-Pfalz (VCRP); University of Marburg; TU Braunschweig; University of Hildesheim; Bonn-Rhein-Sieg University of Applied Sciences.<\/span><\/p>\n<p><span style=\"font-weight: 400\">With the start of the first trips <\/span><b>End of November 2023<\/b><span style=\"font-weight: 400\"> we will report here on the delegation trips, publish travel diaries and stream publicly available sessions (from abroad). The subsequent presentation of results and general dissemination of the findings play an important role in enabling the German community to share in the insights gained and benefit from the networks.<\/span>[\/vc_column_text][\/vc_column][\/vc_row][vc_row][vc_column]\n    <article class=\"pn-team-container module \">\n                    <h3 class=\"team-module-title\">Contact<\/h3>\n                    <article class=\"pn-team-container-inner cols-3\">\n                            <section class=\"team-section\">\n                    <a href=\"https:\/\/hfd.phee.dev\/en\/author\/channa-vanderbrug\/\"><img class=\"team-img\" src=\"https:\/\/hfd.phee.dev\/wp-content\/uploads\/2023\/09\/Channa-van-der-Brug_Hochschulforum-768x768.jpeg\" alt=\"Channa-van-der-Brug_Hochschulforum.jpeg\" loading=\"lazy\" decoding=\"async\"\/><\/a>\n                    <div class=\"team-tags\">\n                        <span class=\"team-tags--tag\"><\/span>\n                    <\/div>\n                    <a href=\"https:\/\/hfd.phee.dev\/en\/author\/channa-vanderbrug\/\" class=\"team-name\">Channa van der Brug<\/a>\n\n                                            <section class=\"team-funktion\">\n                                                                Stifterverband, Programmmanagerin Hochschulforum Digitalisierung                                                         <\/section>\n                        \n                    <section class=\"team-social\">\n                                                    <a href=\"mailto:channa.vanderbrug@stifterverband.de\" target=\"_blank\" class=\"team-social--email\"><i class=\"icon icon-mail blue\"><\/i><\/a>\n                                                        <a href=\"https:\/\/www.linkedin.com\/in\/channavanderbrug\/\" target=\"_blank\" class=\"team-social--linkedin\"><i class=\"icon icon-linkedin blue\"><\/i><\/a>\n                                                <\/section>\n                <\/section>\n                        <\/article>\n    <\/article>\n\n    [\/vc_column][\/vc_row][vc_row][vc_column]\n    <div class=\"pn-members-section\">\n        <div class=\"members-wrap\">\n                        <div class=\"members-inner\">\n                                    <div class=\"member-item\">\n                        <img decoding=\"async\" src=\"https:\/\/hfd.phee.dev\/wp-content\/uploads\/2023\/09\/Luisa-Gregory.jpg\" class=\"member\" alt=\"Luisa Gregory\"\/>                        <h4>Luisa Gregory<\/h4>\n                        <p>Luisa Gregory ist Projektreferentin bei der Hochschulrektorenkonferenz (HRK). Im HFD betreut sie die Arbeitsgruppen zur Digitalen Souver\u00e4nit\u00e4t sowie zur Digitalen Barrierefreiheit und ist zudem f\u00fcr die Veranstaltungsplanung der HFDcon zust\u00e4ndig. Sie studierte Betriebswirtschaft und Volkswirtschaftslehre in Heidelberg und Stuttgart-Hohenheim und besch\u00e4ftigte sich in ihrer empirischen Masterarbeit mit den unterschiedlichen Karriereverl\u00e4ufen von M\u00e4nnern und Frauen. Danach arbeitete sie u.a. an der Industrie -und Handelskammer Darmstadt Rhein Main Neckar, wo sie als wissenschaftliche Mitarbeiterin im Gesch\u00e4ftsbereich Innovation und Umwelt t\u00e4tig war.<\/p>\n                    <\/div>\n                                <\/div>\n        <\/div>\n    <\/div>\n\n    [\/vc_column][\/vc_row]<\/p>\n<\/section>","protected":false},"excerpt":{"rendered":"<p>[vc_row][vc_column][vc_column_text]What do innovative approaches and effective solutions for the further development of digital learning and teaching look like, and what are success factors? Since May 22, 5 selected delegation teams are in their detailed planning to spend the next six months abroad to gather information, network with international partners, and share good practices in Germany. [&hellip;]<\/p>\n","protected":false},"author":11,"featured_media":0,"parent":0,"menu_order":0,"comment_status":"closed","ping_status":"closed","template":"","meta":{"_acf_changed":false,"footnotes":""},"ppma_author":[71],"class_list":["post-12109","page","type-page","status-publish","hentry"],"acf":[],"yoast_head":"<!-- This site is optimized with the Yoast SEO plugin v23.4 - https:\/\/yoast.com\/wordpress\/plugins\/seo\/ -->\n<title>Delegationsreisen - Hochschulforum Digitalisierung<\/title>\n<meta name=\"robots\" content=\"index, follow, max-snippet:-1, max-image-preview:large, max-video-preview:-1\" \/>\n<link rel=\"canonical\" href=\"https:\/\/hfd.phee.dev\/en\/delegationsreisen\/\" \/>\n<meta property=\"og:locale\" content=\"en_GB\" \/>\n<meta property=\"og:type\" content=\"article\" \/>\n<meta property=\"og:title\" content=\"Delegationsreisen - Hochschulforum Digitalisierung\" \/>\n<meta property=\"og:description\" content=\"[vc_row][vc_column][vc_column_text]What do innovative approaches and effective solutions for the further development of digital learning and teaching look like, and what are success factors? Since May 22, 5 selected delegation teams are in their detailed planning to spend the next six months abroad to gather information, network with international partners, and share good practices in Germany. [&hellip;]\" \/>\n<meta property=\"og:url\" content=\"https:\/\/hfd.phee.dev\/en\/delegationsreisen\/\" \/>\n<meta property=\"og:site_name\" content=\"Hochschulforum Digitalisierung\" \/>\n<meta property=\"article:modified_time\" content=\"2023-10-16T11:47:01+00:00\" \/>\n<meta name=\"twitter:card\" content=\"summary_large_image\" \/>\n<meta name=\"twitter:label1\" content=\"Estimated reading time\" \/>\n\t<meta name=\"twitter:data1\" content=\"2 minutes\" \/>\n<script type=\"application\/ld+json\" class=\"yoast-schema-graph\">{\"@context\":\"https:\/\/schema.org\",\"@graph\":[{\"@type\":\"WebPage\",\"@id\":\"https:\/\/hfd.phee.dev\/en\/delegationsreisen\/\",\"url\":\"https:\/\/hfd.phee.dev\/en\/delegationsreisen\/\",\"name\":\"Delegationsreisen - Hochschulforum Digitalisierung\",\"isPartOf\":{\"@id\":\"https:\/\/hfd.phee.dev\/en\/#website\"},\"datePublished\":\"2023-09-14T07:31:50+00:00\",\"dateModified\":\"2023-10-16T11:47:01+00:00\",\"breadcrumb\":{\"@id\":\"https:\/\/hfd.phee.dev\/en\/delegationsreisen\/#breadcrumb\"},\"inLanguage\":\"en-GB\",\"potentialAction\":[{\"@type\":\"ReadAction\",\"target\":[\"https:\/\/hfd.phee.dev\/en\/delegationsreisen\/\"]}]},{\"@type\":\"BreadcrumbList\",\"@id\":\"https:\/\/hfd.phee.dev\/en\/delegationsreisen\/#breadcrumb\",\"itemListElement\":[{\"@type\":\"ListItem\",\"position\":1,\"name\":\"Home\",\"item\":\"https:\/\/hfd.phee.dev\/en\/\"},{\"@type\":\"ListItem\",\"position\":2,\"name\":\"Delegationsreisen\"}]},{\"@type\":\"WebSite\",\"@id\":\"https:\/\/hfd.phee.dev\/en\/#website\",\"url\":\"https:\/\/hfd.phee.dev\/en\/\",\"name\":\"Hochschulforum Digitalisierung\",\"description\":\"\",\"publisher\":{\"@id\":\"https:\/\/hfd.phee.dev\/en\/#organization\"},\"potentialAction\":[{\"@type\":\"SearchAction\",\"target\":{\"@type\":\"EntryPoint\",\"urlTemplate\":\"https:\/\/hfd.phee.dev\/en\/?s={search_term_string}\"},\"query-input\":{\"@type\":\"PropertyValueSpecification\",\"valueRequired\":true,\"valueName\":\"search_term_string\"}}],\"inLanguage\":\"en-GB\"},{\"@type\":\"Organization\",\"@id\":\"https:\/\/hfd.phee.dev\/en\/#organization\",\"name\":\"Hochschulforum Digitalisierung\",\"url\":\"https:\/\/hfd.phee.dev\/en\/\",\"logo\":{\"@type\":\"ImageObject\",\"inLanguage\":\"en-GB\",\"@id\":\"https:\/\/hfd.phee.dev\/en\/#\/schema\/logo\/image\/\",\"url\":\"https:\/\/hfdwhdev.15.phee.host\/wp-content\/uploads\/2023\/02\/logo-hfd.png\",\"contentUrl\":\"https:\/\/hfdwhdev.15.phee.host\/wp-content\/uploads\/2023\/02\/logo-hfd.png\",\"width\":261,\"height\":300,\"caption\":\"Hochschulforum Digitalisierung\"},\"image\":{\"@id\":\"https:\/\/hfd.phee.dev\/en\/#\/schema\/logo\/image\/\"}}]}<\/script>\n<!-- \/ Yoast SEO plugin. -->","yoast_head_json":{"title":"Delegationsreisen - Hochschulforum Digitalisierung","robots":{"index":"index","follow":"follow","max-snippet":"max-snippet:-1","max-image-preview":"max-image-preview:large","max-video-preview":"max-video-preview:-1"},"canonical":"https:\/\/hfd.phee.dev\/en\/delegationsreisen\/","og_locale":"en_GB","og_type":"article","og_title":"Delegationsreisen - Hochschulforum Digitalisierung","og_description":"[vc_row][vc_column][vc_column_text]What do innovative approaches and effective solutions for the further development of digital learning and teaching look like, and what are success factors? Since May 22, 5 selected delegation teams are in their detailed planning to spend the next six months abroad to gather information, network with international partners, and share good practices in Germany. [&hellip;]","og_url":"https:\/\/hfd.phee.dev\/en\/delegationsreisen\/","og_site_name":"Hochschulforum Digitalisierung","article_modified_time":"2023-10-16T11:47:01+00:00","twitter_card":"summary_large_image","twitter_misc":{"Estimated reading time":"2 minutes"},"schema":{"@context":"https:\/\/schema.org","@graph":[{"@type":"WebPage","@id":"https:\/\/hfd.phee.dev\/en\/delegationsreisen\/","url":"https:\/\/hfd.phee.dev\/en\/delegationsreisen\/","name":"Delegationsreisen - Hochschulforum Digitalisierung","isPartOf":{"@id":"https:\/\/hfd.phee.dev\/en\/#website"},"datePublished":"2023-09-14T07:31:50+00:00","dateModified":"2023-10-16T11:47:01+00:00","breadcrumb":{"@id":"https:\/\/hfd.phee.dev\/en\/delegationsreisen\/#breadcrumb"},"inLanguage":"en-GB","potentialAction":[{"@type":"ReadAction","target":["https:\/\/hfd.phee.dev\/en\/delegationsreisen\/"]}]},{"@type":"BreadcrumbList","@id":"https:\/\/hfd.phee.dev\/en\/delegationsreisen\/#breadcrumb","itemListElement":[{"@type":"ListItem","position":1,"name":"Home","item":"https:\/\/hfd.phee.dev\/en\/"},{"@type":"ListItem","position":2,"name":"Delegationsreisen"}]},{"@type":"WebSite","@id":"https:\/\/hfd.phee.dev\/en\/#website","url":"https:\/\/hfd.phee.dev\/en\/","name":"Hochschulforum Digitalisierung","description":"","publisher":{"@id":"https:\/\/hfd.phee.dev\/en\/#organization"},"potentialAction":[{"@type":"SearchAction","target":{"@type":"EntryPoint","urlTemplate":"https:\/\/hfd.phee.dev\/en\/?s={search_term_string}"},"query-input":{"@type":"PropertyValueSpecification","valueRequired":true,"valueName":"search_term_string"}}],"inLanguage":"en-GB"},{"@type":"Organization","@id":"https:\/\/hfd.phee.dev\/en\/#organization","name":"Hochschulforum Digitalisierung","url":"https:\/\/hfd.phee.dev\/en\/","logo":{"@type":"ImageObject","inLanguage":"en-GB","@id":"https:\/\/hfd.phee.dev\/en\/#\/schema\/logo\/image\/","url":"https:\/\/hfdwhdev.15.phee.host\/wp-content\/uploads\/2023\/02\/logo-hfd.png","contentUrl":"https:\/\/hfdwhdev.15.phee.host\/wp-content\/uploads\/2023\/02\/logo-hfd.png","width":261,"height":300,"caption":"Hochschulforum Digitalisierung"},"image":{"@id":"https:\/\/hfd.phee.dev\/en\/#\/schema\/logo\/image\/"}}]}},"_links":{"self":[{"href":"https:\/\/hfd.phee.dev\/en\/wp-json\/wp\/v2\/pages\/12109","targetHints":{"allow":["GET"]}}],"collection":[{"href":"https:\/\/hfd.phee.dev\/en\/wp-json\/wp\/v2\/pages"}],"about":[{"href":"https:\/\/hfd.phee.dev\/en\/wp-json\/wp\/v2\/types\/page"}],"author":[{"embeddable":true,"href":"https:\/\/hfd.phee.dev\/en\/wp-json\/wp\/v2\/users\/11"}],"replies":[{"embeddable":true,"href":"https:\/\/hfd.phee.dev\/en\/wp-json\/wp\/v2\/comments?post=12109"}],"version-history":[{"count":4,"href":"https:\/\/hfd.phee.dev\/en\/wp-json\/wp\/v2\/pages\/12109\/revisions"}],"predecessor-version":[{"id":13478,"href":"https:\/\/hfd.phee.dev\/en\/wp-json\/wp\/v2\/pages\/12109\/revisions\/13478"}],"wp:attachment":[{"href":"https:\/\/hfd.phee.dev\/en\/wp-json\/wp\/v2\/media?parent=12109"}],"wp:term":[{"taxonomy":"author","embeddable":true,"href":"https:\/\/hfd.phee.dev\/en\/wp-json\/wp\/v2\/ppma_author?post=12109"}],"curies":[{"name":"wp","href":"https:\/\/api.w.org\/{rel}","templated":true}]}}